{"id":993,"date":"2019-12-14T12:54:36","date_gmt":"2019-12-14T12:54:36","guid":{"rendered":"https:\/\/emlekpont.hu\/?page_id=993"},"modified":"2024-09-28T04:54:48","modified_gmt":"2024-09-28T04:54:48","slug":"kapcsolat","status":"publish","type":"page","link":"https:\/\/emlekpont.hu\/?page_id=993","title":{"rendered":"kapcsolat"},"content":{"rendered":"<h2>Kapcsolat<\/h2>\n<h5>A Tornyai J\u00e1nos M\u00fazeum, K\u00f6nyvt\u00e1r \u00e9s M\u0171vel\u0151d\u00e9si K\u00f6zpont jelenkort\u00f6rt\u00e9neti ki\u00e1ll\u00edt\u00f3helye<\/h5>\n<h5>El\u00e9rhet\u0151s\u00e9g<\/h5>\n<p>6800 H\u00f3dmez\u0151v\u00e1s\u00e1rhely, Andr\u00e1ssy u. 34.<br \/>\n+36 62 530 940<br \/>\n<a href=\"mailto:tjm.titkarsag@gmail.com\">tjm.titkarsag@gmail.com<\/a><\/p>\n<h5>Az Eml\u00e9kpont nyitvatart\u00e1si ideje<\/h5>\n<p>keddt\u0151l cs\u00fct\u00f6rt\u00f6kig 7:45-t\u0151l 15:45 \u00f3r\u00e1ig<br \/>\np\u00e9nteken 7:45-t\u0151l 13:30 \u00f3r\u00e1ig<br \/>\nszombat-vas\u00e1rnap 10:00-t\u0151l 17:00 \u00f3r\u00e1ig<br \/>\nh\u00e9tf\u0151 M\u00daZEUMI SZ\u00dcNNAP<\/p>\n<h1><\/h1>\n<p><iframe src=\"https:\/\/maps.google.com\/maps?q=6800%20H%C3%B3dmez%C5%91v%C3%A1s%C3%A1rhely%2C%20Andr%C3%A1ssy%20u.%2034.&amp;t=m&amp;z=14&amp;output=embed&amp;iwloc=near\" frameborder=\"0\" marginwidth=\"0\" marginheight=\"0\" scrolling=\"no\" aria-label=\"6800 H\u00f3dmez\u0151v\u00e1s\u00e1rhely, Andr\u00e1ssy u. 34.\"><\/iframe><\/p>\n","protected":false},"excerpt":{"rendered":"<p>Kapcsolat A Tornyai J\u00e1nos M\u00fazeum, K\u00f6nyvt\u00e1r \u00e9s M\u0171vel\u0151d\u00e9si K\u00f6zpont jelenkort\u00f6rt\u00e9neti ki\u00e1ll\u00edt\u00f3helye El\u00e9rhet\u0151s\u00e9g 6800 H\u00f3dmez\u0151v\u00e1s\u00e1rhely, Andr\u00e1ssy u. 34. +36 62 530 940 tjm.titkarsag@gmail.com Az Eml\u00e9kpont nyitvatart\u00e1si ideje keddt\u0151l cs\u00fct\u00f6rt\u00f6kig 7:45-t\u0151l 15:45 \u00f3r\u00e1ig p\u00e9nteken 7:45-t\u0151l 13:30 \u00f3r\u00e1ig szombat-vas\u00e1rnap 10:00-t\u0151l 17:00 \u00f3r\u00e1ig h\u00e9tf\u0151 M\u00daZEUMI SZ\u00dcNNAP<\/p>\n","protected":false},"author":5,"featured_media":0,"parent":987,"menu_order":0,"comment_status":"closed","ping_status":"closed","template":"elementor_header_footer","meta":{"footnotes":""},"_links":{"self":[{"href":"https:\/\/emlekpont.hu\/index.php?rest_route=\/wp\/v2\/pages\/993"}],"collection":[{"href":"https:\/\/emlekpont.hu\/index.php?rest_route=\/wp\/v2\/pages"}],"about":[{"href":"https:\/\/emlekpont.hu\/index.php?rest_route=\/wp\/v2\/types\/page"}],"author":[{"embeddable":true,"href":"https:\/\/emlekpont.hu\/index.php?rest_route=\/wp\/v2\/users\/5"}],"replies":[{"embeddable":true,"href":"https:\/\/emlekpont.hu\/index.php?rest_route=%2Fwp%2Fv2%2Fcomments&post=993"}],"version-history":[{"count":11,"href":"https:\/\/emlekpont.hu\/index.php?rest_route=\/wp\/v2\/pages\/993\/revisions"}],"predecessor-version":[{"id":17387,"href":"https:\/\/emlekpont.hu\/index.php?rest_route=\/wp\/v2\/pages\/993\/revisions\/17387"}],"up":[{"embeddable":true,"href":"https:\/\/emlekpont.hu\/index.php?rest_route=\/wp\/v2\/pages\/987"}],"wp:attachment":[{"href":"https:\/\/emlekpont.hu\/index.php?rest_route=%2Fwp%2Fv2%2Fmedia&parent=993"}],"curies":[{"name":"wp","href":"https:\/\/api.w.org\/{rel}","templated":true}]}}