{"id":974,"date":"2019-12-14T11:35:36","date_gmt":"2019-12-14T11:35:36","guid":{"rendered":"https:\/\/emlekpont.hu\/?page_id=974"},"modified":"2024-09-28T04:58:57","modified_gmt":"2024-09-28T04:58:57","slug":"munkatarsaink","status":"publish","type":"page","link":"https:\/\/emlekpont.hu\/?page_id=974","title":{"rendered":"Munkat\u00e1rsaink"},"content":{"rendered":"\t\t<div data-elementor-type=\"wp-page\" data-elementor-id=\"974\" class=\"elementor elementor-974\" data-elementor-post-type=\"page\">\n\t\t\t\t\t\t<section class=\"elementor-section elementor-top-section elementor-element elementor-element-cef6fa4 elementor-section-boxed elementor-section-height-default elementor-section-height-default\" data-id=\"cef6fa4\" data-element_type=\"section\">\n\t\t\t\t\t\t<div class=\"elementor-container elementor-column-gap-default\">\n\t\t\t\t\t<div class=\"elementor-column elementor-col-100 elementor-top-column elementor-element elementor-element-f01a75f\" data-id=\"f01a75f\" data-element_type=\"column\">\n\t\t\t<div class=\"elementor-widget-wrap elementor-element-populated\">\n\t\t\t\t\t\t<div class=\"elementor-element elementor-element-446f96f elementor-widget elementor-widget-heading\" data-id=\"446f96f\" data-element_type=\"widget\" data-widget_type=\"heading.default\">\n\t\t\t\t<div class=\"elementor-widget-container\">\n\t\t\t<h2 class=\"elementor-heading-title elementor-size-default\">Munkat\u00e1rsaink<\/h2>\t\t<\/div>\n\t\t\t\t<\/div>\n\t\t\t\t\t<\/div>\n\t\t<\/div>\n\t\t\t\t\t<\/div>\n\t\t<\/section>\n\t\t\t\t<section class=\"elementor-section elementor-top-section elementor-element elementor-element-3e6d351 elementor-section-boxed elementor-section-height-default elementor-section-height-default\" data-id=\"3e6d351\" data-element_type=\"section\">\n\t\t\t\t\t\t<div class=\"elementor-container elementor-column-gap-default\">\n\t\t\t\t\t<div class=\"elementor-column elementor-col-100 elementor-top-column elementor-element elementor-element-bcae498\" data-id=\"bcae498\" data-element_type=\"column\">\n\t\t\t<div class=\"elementor-widget-wrap elementor-element-populated\">\n\t\t\t\t\t\t<div class=\"elementor-element elementor-element-a0ef9a4 elementor-widget-divider--view-line elementor-widget elementor-widget-divider\" data-id=\"a0ef9a4\" data-element_type=\"widget\" data-widget_type=\"divider.default\">\n\t\t\t\t<div class=\"elementor-widget-container\">\n\t\t\t\t\t<div class=\"elementor-divider\">\n\t\t\t<span class=\"elementor-divider-separator\">\n\t\t\t\t\t\t<\/span>\n\t\t<\/div>\n\t\t\t\t<\/div>\n\t\t\t\t<\/div>\n\t\t\t\t\t<\/div>\n\t\t<\/div>\n\t\t\t\t\t<\/div>\n\t\t<\/section>\n\t\t\t\t<section class=\"elementor-section elementor-top-section elementor-element elementor-element-f9865f6 elementor-section-boxed elementor-section-height-default elementor-section-height-default\" data-id=\"f9865f6\" data-element_type=\"section\">\n\t\t\t\t\t\t<div class=\"elementor-container elementor-column-gap-default\">\n\t\t\t\t\t<div class=\"elementor-column elementor-col-100 elementor-top-column elementor-element elementor-element-650f079\" data-id=\"650f079\" data-element_type=\"column\">\n\t\t\t<div class=\"elementor-widget-wrap elementor-element-populated\">\n\t\t\t\t\t\t<div class=\"elementor-element elementor-element-7416d96 elementor-widget elementor-widget-athemes-employee-carousel\" data-id=\"7416d96\" data-element_type=\"widget\" data-widget_type=\"athemes-employee-carousel.default\">\n\t\t\t\t<div class=\"elementor-widget-container\">\n\t\t\t\n\t\t<div class=\"roll-team carousel owl-carousel\" data-widgetid=\"employees-\">\n\t\t\t\t\t\t\t\t\t\t<div class=\"team-item\">\n\t\t\t    <div class=\"team-inner\">\n\t\t\t        <div class=\"pop-overlay\">\n\t\t\t            <div class=\"team-pop\">\n\t\t\t                <div class=\"team-info\">\n\t\t\t\t\t\t\t\t<div class=\"name\">G\u00e1l Bogl\u00e1rka<\/div>\n\t\t\t\t\t\t\t\t<div class=\"pos\">mb. f\u0151igazgat\u00f3 Tornyai J\u00e1nos M\u00fazeum, K\u00f6nyvt\u00e1r \u00e9s M\u0171vel\u0151d\u00e9si K\u00f6zpont <\/div>\n\t\t\t\t\t\t\t\t<ul class=\"team-social\">\n\t\t\t\t\t\t\t\t\t\t\t\t\t\t\t\t\t\t\t\t\t\t\t\t\t\t\t\t\t\t\t\t\t\t\t<\/ul>\n\t\t\t                <\/div>\n\t\t\t            <\/div>\n\t\t\t        <\/div>\n\t\t\t\t\t\t\t\t\t\t<div class=\"avatar\">\n\t\t\t\t\t\t<img decoding=\"async\" src=\"http:\/\/emlekpont.hu\/wp-content\/uploads\/2024\/09\/bfmk_gal_boglarka-600x750-1.jpg\" alt=\"bfmk_gal_boglarka-600x750\"\/>\n\t\t\t\t\t<\/div>\n\t\t\t\t\t\t\t\t    <\/div>\n\t\t\t    <div class=\"team-content\">\n\t\t\t        <div class=\"name\">\n\t\t\t        \t\t\t\t        \t\tG\u00e1l Bogl\u00e1rka\t\t\t        \t\t\t\t        <\/div>\n\t\t\t        <div class=\"pos\">mb. f\u0151igazgat\u00f3 Tornyai J\u00e1nos M\u00fazeum, K\u00f6nyvt\u00e1r \u00e9s M\u0171vel\u0151d\u00e9si K\u00f6zpont <\/div>\n\t\t\t    <\/div>\n\t\t\t<\/div><!-- \/.team-item -->\n\n\t\t\t\t\t\t\t\t\t\t<div class=\"team-item\">\n\t\t\t    <div class=\"team-inner\">\n\t\t\t        <div class=\"pop-overlay\">\n\t\t\t            <div class=\"team-pop\">\n\t\t\t                <div class=\"team-info\">\n\t\t\t\t\t\t\t\t<div class=\"name\">Vincze G\u00e1bor<\/div>\n\t\t\t\t\t\t\t\t<div class=\"pos\">t\u00f6rt\u00e9n\u00e9sz<\/div>\n\t\t\t\t\t\t\t\t<ul class=\"team-social\">\n\t\t\t\t\t\t\t\t\t\t\t\t\t\t\t\t\t\t\t\t\t\t\t\t\t\t\t\t\t\t\t\t\t\t\t<\/ul>\n\t\t\t                <\/div>\n\t\t\t            <\/div>\n\t\t\t        <\/div>\n\t\t\t\t\t\t\t\t\t\t<div class=\"avatar\">\n\t\t\t\t\t\t<img decoding=\"async\" src=\"http:\/\/emlekpont.hu\/wp-content\/uploads\/2020\/04\/Vincze-G\u00e1bor3.jpg\" alt=\"Vincze G\u00e1bor3\"\/>\n\t\t\t\t\t<\/div>\n\t\t\t\t\t\t\t\t    <\/div>\n\t\t\t    <div class=\"team-content\">\n\t\t\t        <div class=\"name\">\n\t\t\t        \t\t\t\t        \t\t<a href=\"?page_id=1527\">Vincze G\u00e1bor<\/a>\n\t\t\t        \t\t\t\t        <\/div>\n\t\t\t        <div class=\"pos\">t\u00f6rt\u00e9n\u00e9sz<\/div>\n\t\t\t    <\/div>\n\t\t\t<\/div><!-- \/.team-item -->\n\n\t\t\t\t\t<\/div>\n\t\t\t\t\n\t\t\t\t<\/div>\n\t\t\t\t<\/div>\n\t\t\t\t\t<\/div>\n\t\t<\/div>\n\t\t\t\t\t<\/div>\n\t\t<\/section>\n\t\t\t\t<\/div>\n\t\t","protected":false},"excerpt":{"rendered":"<p>Munkat\u00e1rsaink G\u00e1l Bogl\u00e1rka mb. f\u0151igazgat\u00f3 Tornyai J\u00e1nos M\u00fazeum, K\u00f6nyvt\u00e1r \u00e9s M\u0171vel\u0151d\u00e9si K\u00f6zpont G\u00e1l Bogl\u00e1rka mb. f\u0151igazgat\u00f3 Tornyai J\u00e1nos M\u00fazeum, K\u00f6nyvt\u00e1r \u00e9s M\u0171vel\u0151d\u00e9si K\u00f6zpont Vincze G\u00e1bor t\u00f6rt\u00e9n\u00e9sz Vincze G\u00e1bor t\u00f6rt\u00e9n\u00e9sz<\/p>\n","protected":false},"author":5,"featured_media":0,"parent":987,"menu_order":0,"comment_status":"closed","ping_status":"closed","template":"elementor_header_footer","meta":{"footnotes":""},"_links":{"self":[{"href":"https:\/\/emlekpont.hu\/index.php?rest_route=\/wp\/v2\/pages\/974"}],"collection":[{"href":"https:\/\/emlekpont.hu\/index.php?rest_route=\/wp\/v2\/pages"}],"about":[{"href":"https:\/\/emlekpont.hu\/index.php?rest_route=\/wp\/v2\/types\/page"}],"author":[{"embeddable":true,"href":"https:\/\/emlekpont.hu\/index.php?rest_route=\/wp\/v2\/users\/5"}],"replies":[{"embeddable":true,"href":"https:\/\/emlekpont.hu\/index.php?rest_route=%2Fwp%2Fv2%2Fcomments&post=974"}],"version-history":[{"count":37,"href":"https:\/\/emlekpont.hu\/index.php?rest_route=\/wp\/v2\/pages\/974\/revisions"}],"predecessor-version":[{"id":17391,"href":"https:\/\/emlekpont.hu\/index.php?rest_route=\/wp\/v2\/pages\/974\/revisions\/17391"}],"up":[{"embeddable":true,"href":"https:\/\/emlekpont.hu\/index.php?rest_route=\/wp\/v2\/pages\/987"}],"wp:attachment":[{"href":"https:\/\/emlekpont.hu\/index.php?rest_route=%2Fwp%2Fv2%2Fmedia&parent=974"}],"curies":[{"name":"wp","href":"https:\/\/api.w.org\/{rel}","templated":true}]}}