{"id":811,"date":"2019-12-09T09:19:07","date_gmt":"2019-12-09T09:19:07","guid":{"rendered":"https:\/\/emlekpont.hu\/?page_id=811"},"modified":"2021-02-01T08:44:32","modified_gmt":"2021-02-01T08:44:32","slug":"emlekezteto-folyoirat","status":"publish","type":"page","link":"https:\/\/emlekpont.hu\/?page_id=811","title":{"rendered":"Eml\u00e9keztet\u0151 foly\u00f3irat"},"content":{"rendered":"\t\t<div data-elementor-type=\"wp-page\" data-elementor-id=\"811\" class=\"elementor elementor-811\" data-elementor-post-type=\"page\">\n\t\t\t\t\t\t<section class=\"elementor-section elementor-top-section elementor-element elementor-element-95d7ef9 elementor-section-boxed elementor-section-height-default elementor-section-height-default\" data-id=\"95d7ef9\" data-element_type=\"section\">\n\t\t\t\t\t\t<div class=\"elementor-container elementor-column-gap-default\">\n\t\t\t\t\t<div class=\"elementor-column elementor-col-100 elementor-top-column elementor-element elementor-element-6c4c12f\" data-id=\"6c4c12f\" data-element_type=\"column\">\n\t\t\t<div class=\"elementor-widget-wrap elementor-element-populated\">\n\t\t\t\t\t\t<div class=\"elementor-element elementor-element-5e253d4 elementor-widget elementor-widget-heading\" data-id=\"5e253d4\" data-element_type=\"widget\" data-widget_type=\"heading.default\">\n\t\t\t\t<div class=\"elementor-widget-container\">\n\t\t\t<h2 class=\"elementor-heading-title elementor-size-default\">Eml\u00e9keztet\u0151 foly\u00f3irat<\/h2>\t\t<\/div>\n\t\t\t\t<\/div>\n\t\t\t\t\t<\/div>\n\t\t<\/div>\n\t\t\t\t\t<\/div>\n\t\t<\/section>\n\t\t\t\t<section class=\"elementor-section elementor-top-section elementor-element elementor-element-d954a52 elementor-section-boxed elementor-section-height-default elementor-section-height-default\" data-id=\"d954a52\" data-element_type=\"section\">\n\t\t\t\t\t\t<div class=\"elementor-container elementor-column-gap-default\">\n\t\t\t\t\t<div class=\"elementor-column elementor-col-100 elementor-top-column elementor-element elementor-element-804d0d0\" data-id=\"804d0d0\" data-element_type=\"column\">\n\t\t\t<div class=\"elementor-widget-wrap elementor-element-populated\">\n\t\t\t\t\t\t<div class=\"elementor-element elementor-element-6e8670b elementor-widget-divider--view-line elementor-widget elementor-widget-divider\" data-id=\"6e8670b\" data-element_type=\"widget\" data-widget_type=\"divider.default\">\n\t\t\t\t<div class=\"elementor-widget-container\">\n\t\t\t\t\t<div class=\"elementor-divider\">\n\t\t\t<span class=\"elementor-divider-separator\">\n\t\t\t\t\t\t<\/span>\n\t\t<\/div>\n\t\t\t\t<\/div>\n\t\t\t\t<\/div>\n\t\t\t\t\t<\/div>\n\t\t<\/div>\n\t\t\t\t\t<\/div>\n\t\t<\/section>\n\t\t\t\t<section class=\"elementor-section elementor-top-section elementor-element elementor-element-c70e67b elementor-section-boxed elementor-section-height-default elementor-section-height-default\" data-id=\"c70e67b\" data-element_type=\"section\">\n\t\t\t\t\t\t<div class=\"elementor-container elementor-column-gap-default\">\n\t\t\t\t\t<div class=\"elementor-column elementor-col-33 elementor-top-column elementor-element elementor-element-1d470f8\" data-id=\"1d470f8\" data-element_type=\"column\">\n\t\t\t<div class=\"elementor-widget-wrap elementor-element-populated\">\n\t\t\t\t\t\t<div class=\"elementor-element elementor-element-7211d51 elementor-widget elementor-widget-image\" data-id=\"7211d51\" data-element_type=\"widget\" data-widget_type=\"image.default\">\n\t\t\t\t<div class=\"elementor-widget-container\">\n\t\t\t\t\t\t\t\t\t\t<figure class=\"wp-caption\">\n\t\t\t\t\t\t\t\t\t\t\t<a href=\"http:\/\/emlekpont.hu\/wp-content\/uploads\/2021\/02\/Emlekezteto_2020_1_4_web.pdf\">\n\t\t\t\t\t\t\t<img fetchpriority=\"high\" decoding=\"async\" width=\"724\" height=\"1024\" src=\"https:\/\/emlekpont.hu\/wp-content\/uploads\/2021\/02\/Emlekezteto_2020_borito-724x1024.jpg\" class=\"attachment-large size-large wp-image-7312\" alt=\"\" srcset=\"https:\/\/emlekpont.hu\/wp-content\/uploads\/2021\/02\/Emlekezteto_2020_borito-724x1024.jpg 724w, https:\/\/emlekpont.hu\/wp-content\/uploads\/2021\/02\/Emlekezteto_2020_borito-212x300.jpg 212w, https:\/\/emlekpont.hu\/wp-content\/uploads\/2021\/02\/Emlekezteto_2020_borito-230x325.jpg 230w, https:\/\/emlekpont.hu\/wp-content\/uploads\/2021\/02\/Emlekezteto_2020_borito-350x495.jpg 350w, https:\/\/emlekpont.hu\/wp-content\/uploads\/2021\/02\/Emlekezteto_2020_borito-480x679.jpg 480w, https:\/\/emlekpont.hu\/wp-content\/uploads\/2021\/02\/Emlekezteto_2020_borito.jpg 728w\" sizes=\"(max-width: 724px) 100vw, 724px\" \/>\t\t\t\t\t\t\t\t<\/a>\n\t\t\t\t\t\t\t\t\t\t\t<figcaption class=\"widget-image-caption wp-caption-text\">Eml\u00e9keztet\u0151 2020. 1-4.<\/figcaption>\n\t\t\t\t\t\t\t\t\t\t<\/figure>\n\t\t\t\t\t\t\t<\/div>\n\t\t\t\t<\/div>\n\t\t\t\t\t<\/div>\n\t\t<\/div>\n\t\t\t\t<div class=\"elementor-column elementor-col-33 elementor-top-column elementor-element elementor-element-3584bfd\" data-id=\"3584bfd\" data-element_type=\"column\">\n\t\t\t<div class=\"elementor-widget-wrap elementor-element-populated\">\n\t\t\t\t\t\t<div class=\"elementor-element elementor-element-28802ab elementor-widget elementor-widget-image\" data-id=\"28802ab\" data-element_type=\"widget\" data-widget_type=\"image.default\">\n\t\t\t\t<div class=\"elementor-widget-container\">\n\t\t\t\t\t\t\t\t\t\t<figure class=\"wp-caption\">\n\t\t\t\t\t\t\t\t\t\t\t<a href=\"http:\/\/emlekpont.hu\/wp-content\/uploads\/2020\/08\/Emlekezteto_2019_3_4_web_.pdf\">\n\t\t\t\t\t\t\t<img decoding=\"async\" width=\"722\" height=\"1024\" src=\"https:\/\/emlekpont.hu\/wp-content\/uploads\/2020\/08\/Eml\u00e9keztet\u0151-2019-3-4-bor\u00edt\u00f3-722x1024.jpg\" class=\"attachment-large size-large wp-image-7131\" alt=\"\" srcset=\"https:\/\/emlekpont.hu\/wp-content\/uploads\/2020\/08\/Eml\u00e9keztet\u0151-2019-3-4-bor\u00edt\u00f3-722x1024.jpg 722w, https:\/\/emlekpont.hu\/wp-content\/uploads\/2020\/08\/Eml\u00e9keztet\u0151-2019-3-4-bor\u00edt\u00f3-212x300.jpg 212w, https:\/\/emlekpont.hu\/wp-content\/uploads\/2020\/08\/Eml\u00e9keztet\u0151-2019-3-4-bor\u00edt\u00f3-768x1089.jpg 768w, https:\/\/emlekpont.hu\/wp-content\/uploads\/2020\/08\/Eml\u00e9keztet\u0151-2019-3-4-bor\u00edt\u00f3-830x1177.jpg 830w, https:\/\/emlekpont.hu\/wp-content\/uploads\/2020\/08\/Eml\u00e9keztet\u0151-2019-3-4-bor\u00edt\u00f3-230x326.jpg 230w, https:\/\/emlekpont.hu\/wp-content\/uploads\/2020\/08\/Eml\u00e9keztet\u0151-2019-3-4-bor\u00edt\u00f3-350x496.jpg 350w, https:\/\/emlekpont.hu\/wp-content\/uploads\/2020\/08\/Eml\u00e9keztet\u0151-2019-3-4-bor\u00edt\u00f3-480x681.jpg 480w, https:\/\/emlekpont.hu\/wp-content\/uploads\/2020\/08\/Eml\u00e9keztet\u0151-2019-3-4-bor\u00edt\u00f3.jpg 1010w\" sizes=\"(max-width: 722px) 100vw, 722px\" \/>\t\t\t\t\t\t\t\t<\/a>\n\t\t\t\t\t\t\t\t\t\t\t<figcaption class=\"widget-image-caption wp-caption-text\">Eml\u00e9keztet\u0151 2019. 3-4.<\/figcaption>\n\t\t\t\t\t\t\t\t\t\t<\/figure>\n\t\t\t\t\t\t\t<\/div>\n\t\t\t\t<\/div>\n\t\t\t\t\t<\/div>\n\t\t<\/div>\n\t\t\t\t<div class=\"elementor-column elementor-col-33 elementor-top-column elementor-element elementor-element-dc17b10\" data-id=\"dc17b10\" data-element_type=\"column\">\n\t\t\t<div class=\"elementor-widget-wrap elementor-element-populated\">\n\t\t\t\t\t\t<div class=\"elementor-element elementor-element-e9365e3 elementor-widget elementor-widget-image\" data-id=\"e9365e3\" data-element_type=\"widget\" data-widget_type=\"image.default\">\n\t\t\t\t<div class=\"elementor-widget-container\">\n\t\t\t\t\t\t\t\t\t\t<figure class=\"wp-caption\">\n\t\t\t\t\t\t\t\t\t\t\t<a href=\"http:\/\/emlekpont.hu\/wp-content\/uploads\/2020\/08\/Emlekezteto_2019_1_2_web_.pdf\">\n\t\t\t\t\t\t\t<img decoding=\"async\" width=\"722\" height=\"1024\" src=\"https:\/\/emlekpont.hu\/wp-content\/uploads\/2020\/08\/Eml\u00e9keztet\u0151-2019-1-2-bor\u00edt\u00f3-722x1024.jpg\" class=\"attachment-large size-large wp-image-7130\" alt=\"\" srcset=\"https:\/\/emlekpont.hu\/wp-content\/uploads\/2020\/08\/Eml\u00e9keztet\u0151-2019-1-2-bor\u00edt\u00f3-722x1024.jpg 722w, https:\/\/emlekpont.hu\/wp-content\/uploads\/2020\/08\/Eml\u00e9keztet\u0151-2019-1-2-bor\u00edt\u00f3-212x300.jpg 212w, https:\/\/emlekpont.hu\/wp-content\/uploads\/2020\/08\/Eml\u00e9keztet\u0151-2019-1-2-bor\u00edt\u00f3-768x1089.jpg 768w, https:\/\/emlekpont.hu\/wp-content\/uploads\/2020\/08\/Eml\u00e9keztet\u0151-2019-1-2-bor\u00edt\u00f3-830x1177.jpg 830w, https:\/\/emlekpont.hu\/wp-content\/uploads\/2020\/08\/Eml\u00e9keztet\u0151-2019-1-2-bor\u00edt\u00f3-230x326.jpg 230w, https:\/\/emlekpont.hu\/wp-content\/uploads\/2020\/08\/Eml\u00e9keztet\u0151-2019-1-2-bor\u00edt\u00f3-350x496.jpg 350w, https:\/\/emlekpont.hu\/wp-content\/uploads\/2020\/08\/Eml\u00e9keztet\u0151-2019-1-2-bor\u00edt\u00f3-480x681.jpg 480w, https:\/\/emlekpont.hu\/wp-content\/uploads\/2020\/08\/Eml\u00e9keztet\u0151-2019-1-2-bor\u00edt\u00f3.jpg 1012w\" sizes=\"(max-width: 722px) 100vw, 722px\" \/>\t\t\t\t\t\t\t\t<\/a>\n\t\t\t\t\t\t\t\t\t\t\t<figcaption class=\"widget-image-caption wp-caption-text\">Eml\u00e9keztet\u0151 2019. 1-2.<\/figcaption>\n\t\t\t\t\t\t\t\t\t\t<\/figure>\n\t\t\t\t\t\t\t<\/div>\n\t\t\t\t<\/div>\n\t\t\t\t\t<\/div>\n\t\t<\/div>\n\t\t\t\t\t<\/div>\n\t\t<\/section>\n\t\t\t\t<section class=\"elementor-section elementor-top-section elementor-element elementor-element-97012f8 elementor-section-boxed elementor-section-height-default elementor-section-height-default\" data-id=\"97012f8\" data-element_type=\"section\">\n\t\t\t\t\t\t<div class=\"elementor-container elementor-column-gap-default\">\n\t\t\t\t\t<div class=\"elementor-column elementor-col-33 elementor-top-column elementor-element elementor-element-12bae16\" data-id=\"12bae16\" data-element_type=\"column\">\n\t\t\t<div class=\"elementor-widget-wrap elementor-element-populated\">\n\t\t\t\t\t\t<div class=\"elementor-element elementor-element-6d3cddf elementor-position-top elementor-widget elementor-widget-image-box\" data-id=\"6d3cddf\" data-element_type=\"widget\" data-widget_type=\"image-box.default\">\n\t\t\t\t<div class=\"elementor-widget-container\">\n\t\t\t<div class=\"elementor-image-box-wrapper\"><figure class=\"elementor-image-box-img\"><a href=\"http:\/\/emlekpont.hu\/wp-content\/uploads\/2019\/12\/Emlekezteto_2018_3_4.pdf\" target=\"_blank\" tabindex=\"-1\"><img loading=\"lazy\" decoding=\"async\" width=\"992\" height=\"1405\" src=\"https:\/\/emlekpont.hu\/wp-content\/uploads\/2019\/12\/Emlekezteto_2018_3_4-1.jpg\" class=\"attachment-full size-full wp-image-1469\" alt=\"\" srcset=\"https:\/\/emlekpont.hu\/wp-content\/uploads\/2019\/12\/Emlekezteto_2018_3_4-1.jpg 992w, https:\/\/emlekpont.hu\/wp-content\/uploads\/2019\/12\/Emlekezteto_2018_3_4-1-212x300.jpg 212w, https:\/\/emlekpont.hu\/wp-content\/uploads\/2019\/12\/Emlekezteto_2018_3_4-1-723x1024.jpg 723w, https:\/\/emlekpont.hu\/wp-content\/uploads\/2019\/12\/Emlekezteto_2018_3_4-1-768x1088.jpg 768w, https:\/\/emlekpont.hu\/wp-content\/uploads\/2019\/12\/Emlekezteto_2018_3_4-1-830x1176.jpg 830w, https:\/\/emlekpont.hu\/wp-content\/uploads\/2019\/12\/Emlekezteto_2018_3_4-1-230x326.jpg 230w, https:\/\/emlekpont.hu\/wp-content\/uploads\/2019\/12\/Emlekezteto_2018_3_4-1-350x496.jpg 350w, https:\/\/emlekpont.hu\/wp-content\/uploads\/2019\/12\/Emlekezteto_2018_3_4-1-480x680.jpg 480w\" sizes=\"(max-width: 992px) 100vw, 992px\" \/><\/a><\/figure><div class=\"elementor-image-box-content\"><h5 class=\"elementor-image-box-title\"><a href=\"http:\/\/emlekpont.hu\/wp-content\/uploads\/2019\/12\/Emlekezteto_2018_3_4.pdf\" target=\"_blank\">Eml\u00e9keztet\u0151 2018. 3-4.<\/a><\/h5><\/div><\/div>\t\t<\/div>\n\t\t\t\t<\/div>\n\t\t\t\t\t<\/div>\n\t\t<\/div>\n\t\t\t\t<div class=\"elementor-column elementor-col-33 elementor-top-column elementor-element elementor-element-fe4fdaf\" data-id=\"fe4fdaf\" data-element_type=\"column\">\n\t\t\t<div class=\"elementor-widget-wrap elementor-element-populated\">\n\t\t\t\t\t\t<div class=\"elementor-element elementor-element-ccfded8 elementor-position-top elementor-widget elementor-widget-image-box\" data-id=\"ccfded8\" data-element_type=\"widget\" data-widget_type=\"image-box.default\">\n\t\t\t\t<div class=\"elementor-widget-container\">\n\t\t\t<div class=\"elementor-image-box-wrapper\"><figure class=\"elementor-image-box-img\"><a href=\"http:\/\/emlekpont.hu\/wp-content\/uploads\/2019\/12\/Emlekezteto_2018_1_2.pdf\" target=\"_blank\" tabindex=\"-1\"><img loading=\"lazy\" decoding=\"async\" width=\"992\" height=\"1405\" src=\"https:\/\/emlekpont.hu\/wp-content\/uploads\/2019\/12\/Emlekezteto_2018_1_2-1.jpg\" class=\"attachment-full size-full wp-image-1470\" alt=\"\" srcset=\"https:\/\/emlekpont.hu\/wp-content\/uploads\/2019\/12\/Emlekezteto_2018_1_2-1.jpg 992w, https:\/\/emlekpont.hu\/wp-content\/uploads\/2019\/12\/Emlekezteto_2018_1_2-1-212x300.jpg 212w, https:\/\/emlekpont.hu\/wp-content\/uploads\/2019\/12\/Emlekezteto_2018_1_2-1-723x1024.jpg 723w, https:\/\/emlekpont.hu\/wp-content\/uploads\/2019\/12\/Emlekezteto_2018_1_2-1-768x1088.jpg 768w, https:\/\/emlekpont.hu\/wp-content\/uploads\/2019\/12\/Emlekezteto_2018_1_2-1-830x1176.jpg 830w, https:\/\/emlekpont.hu\/wp-content\/uploads\/2019\/12\/Emlekezteto_2018_1_2-1-230x326.jpg 230w, https:\/\/emlekpont.hu\/wp-content\/uploads\/2019\/12\/Emlekezteto_2018_1_2-1-350x496.jpg 350w, https:\/\/emlekpont.hu\/wp-content\/uploads\/2019\/12\/Emlekezteto_2018_1_2-1-480x680.jpg 480w\" sizes=\"(max-width: 992px) 100vw, 992px\" \/><\/a><\/figure><div class=\"elementor-image-box-content\"><h5 class=\"elementor-image-box-title\"><a href=\"http:\/\/emlekpont.hu\/wp-content\/uploads\/2019\/12\/Emlekezteto_2018_1_2.pdf\" target=\"_blank\">Eml\u00e9keztet\u0151 2018. 1-2.<\/a><\/h5><\/div><\/div>\t\t<\/div>\n\t\t\t\t<\/div>\n\t\t\t\t\t<\/div>\n\t\t<\/div>\n\t\t\t\t<div class=\"elementor-column elementor-col-33 elementor-top-column elementor-element elementor-element-9769dcf\" data-id=\"9769dcf\" data-element_type=\"column\">\n\t\t\t<div class=\"elementor-widget-wrap elementor-element-populated\">\n\t\t\t\t\t\t<div class=\"elementor-element elementor-element-100e2f7 elementor-position-top elementor-widget elementor-widget-image-box\" data-id=\"100e2f7\" data-element_type=\"widget\" data-widget_type=\"image-box.default\">\n\t\t\t\t<div class=\"elementor-widget-container\">\n\t\t\t<div class=\"elementor-image-box-wrapper\"><figure class=\"elementor-image-box-img\"><a href=\"http:\/\/emlekpont.hu\/wp-content\/uploads\/2019\/12\/Emlekezteto_2017_3_4.pdf\" target=\"_blank\" tabindex=\"-1\"><img loading=\"lazy\" decoding=\"async\" width=\"992\" height=\"1405\" src=\"https:\/\/emlekpont.hu\/wp-content\/uploads\/2019\/12\/Emlekezteto_2017_3_4-1.jpg\" class=\"attachment-full size-full wp-image-1471\" alt=\"\" srcset=\"https:\/\/emlekpont.hu\/wp-content\/uploads\/2019\/12\/Emlekezteto_2017_3_4-1.jpg 992w, https:\/\/emlekpont.hu\/wp-content\/uploads\/2019\/12\/Emlekezteto_2017_3_4-1-212x300.jpg 212w, https:\/\/emlekpont.hu\/wp-content\/uploads\/2019\/12\/Emlekezteto_2017_3_4-1-723x1024.jpg 723w, https:\/\/emlekpont.hu\/wp-content\/uploads\/2019\/12\/Emlekezteto_2017_3_4-1-768x1088.jpg 768w, https:\/\/emlekpont.hu\/wp-content\/uploads\/2019\/12\/Emlekezteto_2017_3_4-1-830x1176.jpg 830w, https:\/\/emlekpont.hu\/wp-content\/uploads\/2019\/12\/Emlekezteto_2017_3_4-1-230x326.jpg 230w, https:\/\/emlekpont.hu\/wp-content\/uploads\/2019\/12\/Emlekezteto_2017_3_4-1-350x496.jpg 350w, https:\/\/emlekpont.hu\/wp-content\/uploads\/2019\/12\/Emlekezteto_2017_3_4-1-480x680.jpg 480w\" sizes=\"(max-width: 992px) 100vw, 992px\" \/><\/a><\/figure><div class=\"elementor-image-box-content\"><h5 class=\"elementor-image-box-title\"><a href=\"http:\/\/emlekpont.hu\/wp-content\/uploads\/2019\/12\/Emlekezteto_2017_3_4.pdf\" target=\"_blank\">Eml\u00e9keztet\u0151 2017. 3-4.<\/a><\/h5><\/div><\/div>\t\t<\/div>\n\t\t\t\t<\/div>\n\t\t\t\t\t<\/div>\n\t\t<\/div>\n\t\t\t\t\t<\/div>\n\t\t<\/section>\n\t\t\t\t<section class=\"elementor-section elementor-top-section elementor-element elementor-element-3c3dca6 elementor-section-boxed elementor-section-height-default elementor-section-height-default\" data-id=\"3c3dca6\" data-element_type=\"section\">\n\t\t\t\t\t\t<div class=\"elementor-container elementor-column-gap-default\">\n\t\t\t\t\t<div class=\"elementor-column elementor-col-33 elementor-top-column elementor-element elementor-element-f5c46e6\" data-id=\"f5c46e6\" data-element_type=\"column\">\n\t\t\t<div class=\"elementor-widget-wrap elementor-element-populated\">\n\t\t\t\t\t\t<div class=\"elementor-element elementor-element-698be94 elementor-position-top elementor-widget elementor-widget-image-box\" data-id=\"698be94\" data-element_type=\"widget\" data-widget_type=\"image-box.default\">\n\t\t\t\t<div class=\"elementor-widget-container\">\n\t\t\t<div class=\"elementor-image-box-wrapper\"><figure class=\"elementor-image-box-img\"><a href=\"http:\/\/emlekpont.hu\/wp-content\/uploads\/2019\/12\/Emlekezteto_2017_1_2.pdf\" target=\"_blank\" tabindex=\"-1\"><img loading=\"lazy\" decoding=\"async\" width=\"768\" height=\"1088\" src=\"https:\/\/emlekpont.hu\/wp-content\/uploads\/2019\/12\/Emlekezteto_2017_1_2-1-768x1088.jpg\" class=\"attachment-medium_large size-medium_large wp-image-1472\" alt=\"\" srcset=\"https:\/\/emlekpont.hu\/wp-content\/uploads\/2019\/12\/Emlekezteto_2017_1_2-1-768x1088.jpg 768w, https:\/\/emlekpont.hu\/wp-content\/uploads\/2019\/12\/Emlekezteto_2017_1_2-1-212x300.jpg 212w, https:\/\/emlekpont.hu\/wp-content\/uploads\/2019\/12\/Emlekezteto_2017_1_2-1-723x1024.jpg 723w, https:\/\/emlekpont.hu\/wp-content\/uploads\/2019\/12\/Emlekezteto_2017_1_2-1-830x1176.jpg 830w, https:\/\/emlekpont.hu\/wp-content\/uploads\/2019\/12\/Emlekezteto_2017_1_2-1-230x326.jpg 230w, https:\/\/emlekpont.hu\/wp-content\/uploads\/2019\/12\/Emlekezteto_2017_1_2-1-350x496.jpg 350w, https:\/\/emlekpont.hu\/wp-content\/uploads\/2019\/12\/Emlekezteto_2017_1_2-1-480x680.jpg 480w, https:\/\/emlekpont.hu\/wp-content\/uploads\/2019\/12\/Emlekezteto_2017_1_2-1.jpg 992w\" sizes=\"(max-width: 768px) 100vw, 768px\" \/><\/a><\/figure><div class=\"elementor-image-box-content\"><h5 class=\"elementor-image-box-title\"><a href=\"http:\/\/emlekpont.hu\/wp-content\/uploads\/2019\/12\/Emlekezteto_2017_1_2.pdf\" target=\"_blank\">Eml\u00e9keztet\u0151 2017. 1-2.<\/a><\/h5><\/div><\/div>\t\t<\/div>\n\t\t\t\t<\/div>\n\t\t\t\t\t<\/div>\n\t\t<\/div>\n\t\t\t\t<div class=\"elementor-column elementor-col-33 elementor-top-column elementor-element elementor-element-c99314a\" data-id=\"c99314a\" data-element_type=\"column\">\n\t\t\t<div class=\"elementor-widget-wrap elementor-element-populated\">\n\t\t\t\t\t\t<div class=\"elementor-element elementor-element-b45c4e2 elementor-position-top elementor-widget elementor-widget-image-box\" data-id=\"b45c4e2\" data-element_type=\"widget\" data-widget_type=\"image-box.default\">\n\t\t\t\t<div class=\"elementor-widget-container\">\n\t\t\t<div class=\"elementor-image-box-wrapper\"><figure class=\"elementor-image-box-img\"><a href=\"http:\/\/emlekpont.hu\/wp-content\/uploads\/2019\/12\/Emlekezteto_2016_3_4.pdf\" target=\"_blank\" tabindex=\"-1\"><img loading=\"lazy\" decoding=\"async\" width=\"1039\" height=\"1476\" src=\"https:\/\/emlekpont.hu\/wp-content\/uploads\/2019\/12\/Emlekezteto_2016_3_4-1.jpg\" class=\"attachment-full size-full wp-image-1473\" alt=\"\" srcset=\"https:\/\/emlekpont.hu\/wp-content\/uploads\/2019\/12\/Emlekezteto_2016_3_4-1.jpg 1039w, https:\/\/emlekpont.hu\/wp-content\/uploads\/2019\/12\/Emlekezteto_2016_3_4-1-211x300.jpg 211w, https:\/\/emlekpont.hu\/wp-content\/uploads\/2019\/12\/Emlekezteto_2016_3_4-1-721x1024.jpg 721w, https:\/\/emlekpont.hu\/wp-content\/uploads\/2019\/12\/Emlekezteto_2016_3_4-1-768x1091.jpg 768w, https:\/\/emlekpont.hu\/wp-content\/uploads\/2019\/12\/Emlekezteto_2016_3_4-1-830x1179.jpg 830w, https:\/\/emlekpont.hu\/wp-content\/uploads\/2019\/12\/Emlekezteto_2016_3_4-1-230x327.jpg 230w, https:\/\/emlekpont.hu\/wp-content\/uploads\/2019\/12\/Emlekezteto_2016_3_4-1-350x497.jpg 350w, https:\/\/emlekpont.hu\/wp-content\/uploads\/2019\/12\/Emlekezteto_2016_3_4-1-480x682.jpg 480w\" sizes=\"(max-width: 1039px) 100vw, 1039px\" \/><\/a><\/figure><div class=\"elementor-image-box-content\"><h5 class=\"elementor-image-box-title\"><a href=\"http:\/\/emlekpont.hu\/wp-content\/uploads\/2019\/12\/Emlekezteto_2016_3_4.pdf\" target=\"_blank\">Eml\u00e9keztet\u0151 2016. 3-4.<\/a><\/h5><\/div><\/div>\t\t<\/div>\n\t\t\t\t<\/div>\n\t\t\t\t\t<\/div>\n\t\t<\/div>\n\t\t\t\t<div class=\"elementor-column elementor-col-33 elementor-top-column elementor-element elementor-element-af6f01a\" data-id=\"af6f01a\" data-element_type=\"column\">\n\t\t\t<div class=\"elementor-widget-wrap elementor-element-populated\">\n\t\t\t\t\t\t<div class=\"elementor-element elementor-element-e05d2bf elementor-position-top elementor-widget elementor-widget-image-box\" data-id=\"e05d2bf\" data-element_type=\"widget\" data-widget_type=\"image-box.default\">\n\t\t\t\t<div class=\"elementor-widget-container\">\n\t\t\t<div class=\"elementor-image-box-wrapper\"><figure class=\"elementor-image-box-img\"><a href=\"http:\/\/emlekpont.hu\/wp-content\/uploads\/2019\/12\/Emlekezteto_2016_1_2.pdf\" target=\"_blank\" tabindex=\"-1\"><img loading=\"lazy\" decoding=\"async\" width=\"1039\" height=\"1476\" src=\"https:\/\/emlekpont.hu\/wp-content\/uploads\/2019\/12\/Emlekezteto_2016_1_2-1.jpg\" class=\"attachment-full size-full wp-image-1474\" alt=\"\" srcset=\"https:\/\/emlekpont.hu\/wp-content\/uploads\/2019\/12\/Emlekezteto_2016_1_2-1.jpg 1039w, https:\/\/emlekpont.hu\/wp-content\/uploads\/2019\/12\/Emlekezteto_2016_1_2-1-211x300.jpg 211w, https:\/\/emlekpont.hu\/wp-content\/uploads\/2019\/12\/Emlekezteto_2016_1_2-1-721x1024.jpg 721w, https:\/\/emlekpont.hu\/wp-content\/uploads\/2019\/12\/Emlekezteto_2016_1_2-1-768x1091.jpg 768w, https:\/\/emlekpont.hu\/wp-content\/uploads\/2019\/12\/Emlekezteto_2016_1_2-1-830x1179.jpg 830w, https:\/\/emlekpont.hu\/wp-content\/uploads\/2019\/12\/Emlekezteto_2016_1_2-1-230x327.jpg 230w, https:\/\/emlekpont.hu\/wp-content\/uploads\/2019\/12\/Emlekezteto_2016_1_2-1-350x497.jpg 350w, https:\/\/emlekpont.hu\/wp-content\/uploads\/2019\/12\/Emlekezteto_2016_1_2-1-480x682.jpg 480w\" sizes=\"(max-width: 1039px) 100vw, 1039px\" \/><\/a><\/figure><div class=\"elementor-image-box-content\"><h5 class=\"elementor-image-box-title\"><a href=\"http:\/\/emlekpont.hu\/wp-content\/uploads\/2019\/12\/Emlekezteto_2016_1_2.pdf\" target=\"_blank\">Eml\u00e9keztet\u0151 2016. 1-2.<\/a><\/h5><\/div><\/div>\t\t<\/div>\n\t\t\t\t<\/div>\n\t\t\t\t\t<\/div>\n\t\t<\/div>\n\t\t\t\t\t<\/div>\n\t\t<\/section>\n\t\t\t\t<section class=\"elementor-section elementor-top-section elementor-element elementor-element-722fd35 elementor-section-boxed elementor-section-height-default elementor-section-height-default\" data-id=\"722fd35\" data-element_type=\"section\">\n\t\t\t\t\t\t<div class=\"elementor-container elementor-column-gap-default\">\n\t\t\t\t\t<div class=\"elementor-column elementor-col-100 elementor-top-column elementor-element elementor-element-19a0c4a\" data-id=\"19a0c4a\" data-element_type=\"column\">\n\t\t\t<div class=\"elementor-widget-wrap elementor-element-populated\">\n\t\t\t\t\t\t<div class=\"elementor-element elementor-element-540a5d2 elementor-position-top elementor-widget elementor-widget-image-box\" data-id=\"540a5d2\" data-element_type=\"widget\" data-widget_type=\"image-box.default\">\n\t\t\t\t<div class=\"elementor-widget-container\">\n\t\t\t<div class=\"elementor-image-box-wrapper\"><figure class=\"elementor-image-box-img\"><a href=\"http:\/\/emlekpont.hu\/wp-content\/uploads\/2019\/12\/Emlekezteto_2018_3_4.pdf\" target=\"_blank\" tabindex=\"-1\"><img loading=\"lazy\" decoding=\"async\" width=\"992\" height=\"1405\" src=\"https:\/\/emlekpont.hu\/wp-content\/uploads\/2019\/12\/Emlekezteto_2018_3_4-1.jpg\" class=\"attachment-full size-full wp-image-1469\" alt=\"\" srcset=\"https:\/\/emlekpont.hu\/wp-content\/uploads\/2019\/12\/Emlekezteto_2018_3_4-1.jpg 992w, https:\/\/emlekpont.hu\/wp-content\/uploads\/2019\/12\/Emlekezteto_2018_3_4-1-212x300.jpg 212w, https:\/\/emlekpont.hu\/wp-content\/uploads\/2019\/12\/Emlekezteto_2018_3_4-1-723x1024.jpg 723w, https:\/\/emlekpont.hu\/wp-content\/uploads\/2019\/12\/Emlekezteto_2018_3_4-1-768x1088.jpg 768w, https:\/\/emlekpont.hu\/wp-content\/uploads\/2019\/12\/Emlekezteto_2018_3_4-1-830x1176.jpg 830w, https:\/\/emlekpont.hu\/wp-content\/uploads\/2019\/12\/Emlekezteto_2018_3_4-1-230x326.jpg 230w, https:\/\/emlekpont.hu\/wp-content\/uploads\/2019\/12\/Emlekezteto_2018_3_4-1-350x496.jpg 350w, https:\/\/emlekpont.hu\/wp-content\/uploads\/2019\/12\/Emlekezteto_2018_3_4-1-480x680.jpg 480w\" sizes=\"(max-width: 992px) 100vw, 992px\" \/><\/a><\/figure><div class=\"elementor-image-box-content\"><h5 class=\"elementor-image-box-title\"><a href=\"http:\/\/emlekpont.hu\/wp-content\/uploads\/2019\/12\/Emlekezteto_2018_3_4.pdf\" target=\"_blank\">Eml\u00e9keztet\u0151 2018. 3-4.<\/a><\/h5><\/div><\/div>\t\t<\/div>\n\t\t\t\t<\/div>\n\t\t\t\t\t<\/div>\n\t\t<\/div>\n\t\t\t\t\t<\/div>\n\t\t<\/section>\n\t\t\t\t<\/div>\n\t\t","protected":false},"excerpt":{"rendered":"<p>Eml\u00e9keztet\u0151 foly\u00f3irat Eml\u00e9keztet\u0151 2020. 1-4. Eml\u00e9keztet\u0151 2019. 3-4. Eml\u00e9keztet\u0151 2019. 1-2. Eml\u00e9keztet\u0151 2018. 3-4. Eml\u00e9keztet\u0151 2018. 1-2. Eml\u00e9keztet\u0151 2017. 3-4. Eml\u00e9keztet\u0151 2017. 1-2. Eml\u00e9keztet\u0151 2016. 3-4. Eml\u00e9keztet\u0151 2016. 1-2. Eml\u00e9keztet\u0151 2018. 3-4.<\/p>\n","protected":false},"author":5,"featured_media":0,"parent":810,"menu_order":0,"comment_status":"closed","ping_status":"closed","template":"elementor_header_footer","meta":{"footnotes":""},"_links":{"self":[{"href":"https:\/\/emlekpont.hu\/index.php?rest_route=\/wp\/v2\/pages\/811"}],"collection":[{"href":"https:\/\/emlekpont.hu\/index.php?rest_route=\/wp\/v2\/pages"}],"about":[{"href":"https:\/\/emlekpont.hu\/index.php?rest_route=\/wp\/v2\/types\/page"}],"author":[{"embeddable":true,"href":"https:\/\/emlekpont.hu\/index.php?rest_route=\/wp\/v2\/users\/5"}],"replies":[{"embeddable":true,"href":"https:\/\/emlekpont.hu\/index.php?rest_route=%2Fwp%2Fv2%2Fcomments&post=811"}],"version-history":[{"count":26,"href":"https:\/\/emlekpont.hu\/index.php?rest_route=\/wp\/v2\/pages\/811\/revisions"}],"predecessor-version":[{"id":7321,"href":"https:\/\/emlekpont.hu\/index.php?rest_route=\/wp\/v2\/pages\/811\/revisions\/7321"}],"up":[{"embeddable":true,"href":"https:\/\/emlekpont.hu\/index.php?rest_route=\/wp\/v2\/pages\/810"}],"wp:attachment":[{"href":"https:\/\/emlekpont.hu\/index.php?rest_route=%2Fwp%2Fv2%2Fmedia&parent=811"}],"curies":[{"name":"wp","href":"https:\/\/api.w.org\/{rel}","templated":true}]}}