{"id":661,"date":"2019-12-06T12:06:32","date_gmt":"2019-12-06T12:06:32","guid":{"rendered":"https:\/\/emlekpont.hu\/?page_id=661"},"modified":"2020-02-17T09:29:26","modified_gmt":"2020-02-17T09:29:26","slug":"elozo-kiallitasok","status":"publish","type":"page","link":"https:\/\/emlekpont.hu\/?page_id=661","title":{"rendered":"El\u0151z\u0151 ki\u00e1ll\u00edt\u00e1sok"},"content":{"rendered":"\t\t<div data-elementor-type=\"wp-page\" data-elementor-id=\"661\" class=\"elementor elementor-661\" data-elementor-post-type=\"page\">\n\t\t\t\t\t\t<section class=\"elementor-section elementor-top-section elementor-element elementor-element-b0411f2 elementor-section-boxed elementor-section-height-default elementor-section-height-default\" data-id=\"b0411f2\" data-element_type=\"section\">\n\t\t\t\t\t\t<div class=\"elementor-container elementor-column-gap-default\">\n\t\t\t\t\t<div class=\"elementor-column elementor-col-100 elementor-top-column elementor-element elementor-element-565c349\" data-id=\"565c349\" data-element_type=\"column\">\n\t\t\t<div class=\"elementor-widget-wrap elementor-element-populated\">\n\t\t\t\t\t\t<div class=\"elementor-element elementor-element-f6bbb22 elementor-grid-2 elementor-grid-tablet-2 elementor-grid-mobile-1 elementor-posts--thumbnail-top elementor-widget elementor-widget-posts\" data-id=\"f6bbb22\" data-element_type=\"widget\" data-settings=\"{&quot;classic_columns&quot;:&quot;2&quot;,&quot;classic_columns_tablet&quot;:&quot;2&quot;,&quot;classic_columns_mobile&quot;:&quot;1&quot;,&quot;classic_row_gap&quot;:{&quot;unit&quot;:&quot;px&quot;,&quot;size&quot;:35,&quot;sizes&quot;:[]},&quot;classic_row_gap_tablet&quot;:{&quot;unit&quot;:&quot;px&quot;,&quot;size&quot;:&quot;&quot;,&quot;sizes&quot;:[]},&quot;classic_row_gap_mobile&quot;:{&quot;unit&quot;:&quot;px&quot;,&quot;size&quot;:&quot;&quot;,&quot;sizes&quot;:[]}}\" data-widget_type=\"posts.classic\">\n\t\t\t\t<div class=\"elementor-widget-container\">\n\t\t\t\t\t<div class=\"elementor-posts-container elementor-posts elementor-posts--skin-classic elementor-grid\">\n\t\t\t\t<article class=\"elementor-post elementor-grid-item post-1512 post type-post status-publish format-standard has-post-thumbnail hentry category-elozo-kiallitas category-kiallitas\">\n\t\t\t\t<a class=\"elementor-post__thumbnail__link\" href=\"https:\/\/emlekpont.hu\/?p=1512\" tabindex=\"-1\" >\n\t\t\t<div class=\"elementor-post__thumbnail\"><img fetchpriority=\"high\" decoding=\"async\" width=\"500\" height=\"354\" src=\"https:\/\/emlekpont.hu\/wp-content\/uploads\/2019\/12\/Fejer_Csaba_Vak_hordar.jpg\" class=\"attachment-large size-large wp-image-1437\" alt=\"\" srcset=\"https:\/\/emlekpont.hu\/wp-content\/uploads\/2019\/12\/Fejer_Csaba_Vak_hordar.jpg 500w, https:\/\/emlekpont.hu\/wp-content\/uploads\/2019\/12\/Fejer_Csaba_Vak_hordar-300x212.jpg 300w, https:\/\/emlekpont.hu\/wp-content\/uploads\/2019\/12\/Fejer_Csaba_Vak_hordar-230x163.jpg 230w, https:\/\/emlekpont.hu\/wp-content\/uploads\/2019\/12\/Fejer_Csaba_Vak_hordar-350x248.jpg 350w, https:\/\/emlekpont.hu\/wp-content\/uploads\/2019\/12\/Fejer_Csaba_Vak_hordar-480x340.jpg 480w\" sizes=\"(max-width: 500px) 100vw, 500px\" \/><\/div>\n\t\t<\/a>\n\t\t\t\t<div class=\"elementor-post__text\">\n\t\t\t\t<h3 class=\"elementor-post__title\">\n\t\t\t<a href=\"https:\/\/emlekpont.hu\/?p=1512\" >\n\t\t\t\tPolitikum \u00e9s t\u00e1rsadalom hatvan \u00e9v V\u00e1s\u00e1rhelyi \u0150szi T\u00e1rlataiban\t\t\t<\/a>\n\t\t<\/h3>\n\t\t\t\t<div class=\"elementor-post__meta-data\">\n\t\t\t\t\t<span class=\"elementor-post-date\">\n\t\t\tdecember 15, 2019\t\t<\/span>\n\t\t\t\t<\/div>\n\t\t\t\t<div class=\"elementor-post__excerpt\">\n\t\t\t<p>2013. m\u00e1jus 30. \u2013 2013. j\u00fanius 30. A hatvanadik V\u00e1s\u00e1rhelyi \u0150szi T\u00e1rlathoz kapcsol\u00f3dva a fest\u00e9szet, valamint a politikum \u00e9s a t\u00e1rsadalom kapcsolat\u00e1t bemutat\u00f3 ki\u00e1ll\u00edt\u00e1st tekinthetnek meg a l\u00e1togat\u00f3k az Eml\u00e9kpontban. Nagy Imre&nbsp;m\u0171v\u00e9szett\u00f6rt\u00e9n\u00e9sz, a ki\u00e1ll\u00edt\u00e1s kur\u00e1tora a Tornyai J\u00e1nos M\u00fazeum k\u00e9pz\u0151m\u0171v\u00e9szeti gy\u0171jtem\u00e9ny\u00e9b\u0151l v\u00e1logatta \u00f6ssze a t\u00e1rlat anyag\u00e1t, olyan m\u0171t\u00e1rgyak k\u00f6z\u00fcl, melyeket a k\u00f6zgy\u0171jtem\u00e9ny fenntart\u00f3i &#8211; H\u00f3dmez\u0151v\u00e1s\u00e1rhely<\/p>\n\t\t<\/div>\n\t\t\n\t\t<a class=\"elementor-post__read-more\" href=\"https:\/\/emlekpont.hu\/?p=1512\" aria-label=\"Read more about Politikum \u00e9s t\u00e1rsadalom hatvan \u00e9v V\u00e1s\u00e1rhelyi \u0150szi T\u00e1rlataiban\" tabindex=\"-1\" >\n\t\t\tB\u0151vebben \u00bb\t\t<\/a>\n\n\t\t\t\t<\/div>\n\t\t\t\t<\/article>\n\t\t\t\t<article class=\"elementor-post elementor-grid-item post-1504 post type-post status-publish format-standard has-post-thumbnail hentry category-elozo-kiallitas category-kiallitas\">\n\t\t\t\t<a class=\"elementor-post__thumbnail__link\" href=\"https:\/\/emlekpont.hu\/?p=1504\" tabindex=\"-1\" >\n\t\t\t<div class=\"elementor-post__thumbnail\"><img decoding=\"async\" width=\"500\" height=\"358\" src=\"https:\/\/emlekpont.hu\/wp-content\/uploads\/2019\/12\/csendelet_palettaval_1_olaj_vaszon_70x100.jpg\" class=\"attachment-large size-large wp-image-1507\" alt=\"\" srcset=\"https:\/\/emlekpont.hu\/wp-content\/uploads\/2019\/12\/csendelet_palettaval_1_olaj_vaszon_70x100.jpg 500w, https:\/\/emlekpont.hu\/wp-content\/uploads\/2019\/12\/csendelet_palettaval_1_olaj_vaszon_70x100-300x215.jpg 300w, https:\/\/emlekpont.hu\/wp-content\/uploads\/2019\/12\/csendelet_palettaval_1_olaj_vaszon_70x100-230x165.jpg 230w, https:\/\/emlekpont.hu\/wp-content\/uploads\/2019\/12\/csendelet_palettaval_1_olaj_vaszon_70x100-350x251.jpg 350w, https:\/\/emlekpont.hu\/wp-content\/uploads\/2019\/12\/csendelet_palettaval_1_olaj_vaszon_70x100-480x344.jpg 480w\" sizes=\"(max-width: 500px) 100vw, 500px\" \/><\/div>\n\t\t<\/a>\n\t\t\t\t<div class=\"elementor-post__text\">\n\t\t\t\t<h3 class=\"elementor-post__title\">\n\t\t\t<a href=\"https:\/\/emlekpont.hu\/?p=1504\" >\n\t\t\t\tM\u0171termi jegyzetek &#8211; Zoltai Attila fest\u0151m\u0171v\u00e9sz ki\u00e1ll\u00edt\u00e1sa\t\t\t<\/a>\n\t\t<\/h3>\n\t\t\t\t<div class=\"elementor-post__meta-data\">\n\t\t\t\t\t<span class=\"elementor-post-date\">\n\t\t\tdecember 15, 2019\t\t<\/span>\n\t\t\t\t<\/div>\n\t\t\t\t<div class=\"elementor-post__excerpt\">\n\t\t\t<p>2013. okt\u00f3ber 19. \u2013 2014. janu\u00e1r 12. Zoltai Attila t\u00f6bb mint harminc festm\u00e9nyen \u00e9s mintegy k\u00e9ttucatnyi plasztik\u00e1n kereszt\u00fcl ny\u00fajt betekint\u00e9st m\u0171v\u00e9szi gondolatvil\u00e1g\u00e1ba \u00e9s vil\u00e1gn\u00e9zet\u00e9be&nbsp;M\u0171termi jegyzetek&nbsp;c\u00edm\u0171 egy\u00e9ni ki\u00e1ll\u00edt\u00e1s\u00e1n. A kisteleki sz\u00fclet\u00e9s\u0171, de hossz\u00fa \u00e9vek \u00f3ta H\u00f3dmez\u0151v\u00e1s\u00e1rhelyen \u00e9l\u0151 a N\u00e9meth L\u00e1szl\u00f3 Gimn\u00e1zium \u00e9s \u00c1ltal\u00e1nos iskola tan\u00e1ra \u00e9s alkot\u00f3 m\u0171v\u00e9sz rendszeres ki\u00e1ll\u00edt\u00f3ja a v\u00e1s\u00e1rhelyi \u0151szi \u00e9s m\u00e1s orsz\u00e1gos<\/p>\n\t\t<\/div>\n\t\t\n\t\t<a class=\"elementor-post__read-more\" href=\"https:\/\/emlekpont.hu\/?p=1504\" aria-label=\"Read more about M\u0171termi jegyzetek &#8211; Zoltai Attila fest\u0151m\u0171v\u00e9sz ki\u00e1ll\u00edt\u00e1sa\" tabindex=\"-1\" >\n\t\t\tB\u0151vebben \u00bb\t\t<\/a>\n\n\t\t\t\t<\/div>\n\t\t\t\t<\/article>\n\t\t\t\t<article class=\"elementor-post elementor-grid-item post-1498 post type-post status-publish format-standard has-post-thumbnail hentry category-elozo-kiallitas category-kiallitas\">\n\t\t\t\t<a class=\"elementor-post__thumbnail__link\" href=\"https:\/\/emlekpont.hu\/?p=1498\" tabindex=\"-1\" >\n\t\t\t<div class=\"elementor-post__thumbnail\"><img decoding=\"async\" width=\"500\" height=\"375\" src=\"https:\/\/emlekpont.hu\/wp-content\/uploads\/2019\/12\/00085-1.jpg\" class=\"attachment-large size-large wp-image-1499\" alt=\"\" srcset=\"https:\/\/emlekpont.hu\/wp-content\/uploads\/2019\/12\/00085-1.jpg 500w, https:\/\/emlekpont.hu\/wp-content\/uploads\/2019\/12\/00085-1-300x225.jpg 300w, https:\/\/emlekpont.hu\/wp-content\/uploads\/2019\/12\/00085-1-230x173.jpg 230w, https:\/\/emlekpont.hu\/wp-content\/uploads\/2019\/12\/00085-1-350x263.jpg 350w, https:\/\/emlekpont.hu\/wp-content\/uploads\/2019\/12\/00085-1-480x360.jpg 480w\" sizes=\"(max-width: 500px) 100vw, 500px\" \/><\/div>\n\t\t<\/a>\n\t\t\t\t<div class=\"elementor-post__text\">\n\t\t\t\t<h3 class=\"elementor-post__title\">\n\t\t\t<a href=\"https:\/\/emlekpont.hu\/?p=1498\" >\n\t\t\t\tA holokauszt eml\u00e9k\u00e9re\t\t\t<\/a>\n\t\t<\/h3>\n\t\t\t\t<div class=\"elementor-post__meta-data\">\n\t\t\t\t\t<span class=\"elementor-post-date\">\n\t\t\tdecember 15, 2019\t\t<\/span>\n\t\t\t\t<\/div>\n\t\t\t\t<div class=\"elementor-post__excerpt\">\n\t\t\t<p>2014. janu\u00e1r 27. \u2013 2014. m\u00e1jus 11. B. Nagy Bal\u00e1zs fotogr\u00e1fus ki\u00e1ll\u00edt\u00e1sa az auschwitz-birkenaui hal\u00e1lt\u00e1bor megr\u00e1z\u00f3 vil\u00e1g\u00e1t mutatja be. A l\u00e1gerek megr\u00e1z\u00f3 hangulat\u00e1t \u00f6r\u00f6k\u00edti meg B. Nagy Bal\u00e1zs, akinek az Auschwitz-Birkenauban k\u00e9sz\u00fclt felv\u00e9telei az Eml\u00e9kpont Gal\u00e9ri\u00e1j\u00e1ban tekinthet\u0151ek meg. A fotogr\u00e1fus eml\u00e9keztetni szeretne mindenkit arra a kegyetlen g\u00e9pezetre, ami \u00e1rtatlan emberek \u00e9let\u00e9t vette el \u00e9s minden<\/p>\n\t\t<\/div>\n\t\t\n\t\t<a class=\"elementor-post__read-more\" href=\"https:\/\/emlekpont.hu\/?p=1498\" aria-label=\"Read more about A holokauszt eml\u00e9k\u00e9re\" tabindex=\"-1\" >\n\t\t\tB\u0151vebben \u00bb\t\t<\/a>\n\n\t\t\t\t<\/div>\n\t\t\t\t<\/article>\n\t\t\t\t<article class=\"elementor-post elementor-grid-item post-1484 post type-post status-publish format-standard has-post-thumbnail hentry category-elozo-kiallitas category-kiallitas\">\n\t\t\t\t<a class=\"elementor-post__thumbnail__link\" href=\"https:\/\/emlekpont.hu\/?p=1484\" tabindex=\"-1\" >\n\t\t\t<div class=\"elementor-post__thumbnail\"><img loading=\"lazy\" decoding=\"async\" width=\"500\" height=\"333\" src=\"https:\/\/emlekpont.hu\/wp-content\/uploads\/2019\/12\/Rakosi_bortonei_fotok_03.jpg\" class=\"attachment-large size-large wp-image-1488\" alt=\"\" srcset=\"https:\/\/emlekpont.hu\/wp-content\/uploads\/2019\/12\/Rakosi_bortonei_fotok_03.jpg 500w, https:\/\/emlekpont.hu\/wp-content\/uploads\/2019\/12\/Rakosi_bortonei_fotok_03-300x200.jpg 300w, https:\/\/emlekpont.hu\/wp-content\/uploads\/2019\/12\/Rakosi_bortonei_fotok_03-230x153.jpg 230w, https:\/\/emlekpont.hu\/wp-content\/uploads\/2019\/12\/Rakosi_bortonei_fotok_03-350x233.jpg 350w, https:\/\/emlekpont.hu\/wp-content\/uploads\/2019\/12\/Rakosi_bortonei_fotok_03-480x320.jpg 480w\" sizes=\"(max-width: 500px) 100vw, 500px\" \/><\/div>\n\t\t<\/a>\n\t\t\t\t<div class=\"elementor-post__text\">\n\t\t\t\t<h3 class=\"elementor-post__title\">\n\t\t\t<a href=\"https:\/\/emlekpont.hu\/?p=1484\" >\n\t\t\t\tR\u00e1kosi b\u00f6rt\u00f6nei\t\t\t<\/a>\n\t\t<\/h3>\n\t\t\t\t<div class=\"elementor-post__meta-data\">\n\t\t\t\t\t<span class=\"elementor-post-date\">\n\t\t\tdecember 15, 2019\t\t<\/span>\n\t\t\t\t<\/div>\n\t\t\t\t<div class=\"elementor-post__excerpt\">\n\t\t\t<p>2014. m\u00e1jus 17. \u2013 2014. szeptember 14. Az \u00f6tvenes \u00e9vek b\u00fcntet\u00e9s-v\u00e9grehajt\u00e1si int\u00e9zeteit, a b\u00f6rt\u00f6n\u00f6k \u00e9s intern\u00e1l\u00f3t\u00e1borok vil\u00e1g\u00e1t id\u00e9zi meg az Eml\u00e9kpont leg\u00fajabb ki\u00e1ll\u00edt\u00e1sa. A t\u00e1rlat sz\u00e1mos molin\u00f3n \u00e9s egyedi ki\u00e1ll\u00edt\u00e1si install\u00e1ci\u00f3n kereszt\u00fcl mutatja be a korszak b\u00f6rt\u00f6nviszonyait. A 20. sz\u00e1zad legs\u00f6t\u00e9tebb id\u0151szaka volt az az \u00e9vtized, amelyet R\u00e1kosi M\u00e1ty\u00e1s neve f\u00e9mjelez. Ekkor az orsz\u00e1g b\u00f6rt\u00f6nei,<\/p>\n\t\t<\/div>\n\t\t\n\t\t<a class=\"elementor-post__read-more\" href=\"https:\/\/emlekpont.hu\/?p=1484\" aria-label=\"Read more about R\u00e1kosi b\u00f6rt\u00f6nei\" tabindex=\"-1\" >\n\t\t\tB\u0151vebben \u00bb\t\t<\/a>\n\n\t\t\t\t<\/div>\n\t\t\t\t<\/article>\n\t\t\t\t<\/div>\n\t\t\n\t\t\t\t<\/div>\n\t\t\t\t<\/div>\n\t\t\t\t\t<\/div>\n\t\t<\/div>\n\t\t\t\t\t<\/div>\n\t\t<\/section>\n\t\t\t\t<\/div>\n\t\t","protected":false},"excerpt":{"rendered":"","protected":false},"author":5,"featured_media":0,"parent":658,"menu_order":0,"comment_status":"closed","ping_status":"closed","template":"page-templates\/page_fullwidth.php","meta":{"footnotes":""},"_links":{"self":[{"href":"https:\/\/emlekpont.hu\/index.php?rest_route=\/wp\/v2\/pages\/661"}],"collection":[{"href":"https:\/\/emlekpont.hu\/index.php?rest_route=\/wp\/v2\/pages"}],"about":[{"href":"https:\/\/emlekpont.hu\/index.php?rest_route=\/wp\/v2\/types\/page"}],"author":[{"embeddable":true,"href":"https:\/\/emlekpont.hu\/index.php?rest_route=\/wp\/v2\/users\/5"}],"replies":[{"embeddable":true,"href":"https:\/\/emlekpont.hu\/index.php?rest_route=%2Fwp%2Fv2%2Fcomments&post=661"}],"version-history":[{"count":7,"href":"https:\/\/emlekpont.hu\/index.php?rest_route=\/wp\/v2\/pages\/661\/revisions"}],"predecessor-version":[{"id":3062,"href":"https:\/\/emlekpont.hu\/index.php?rest_route=\/wp\/v2\/pages\/661\/revisions\/3062"}],"up":[{"embeddable":true,"href":"https:\/\/emlekpont.hu\/index.php?rest_route=\/wp\/v2\/pages\/658"}],"wp:attachment":[{"href":"https:\/\/emlekpont.hu\/index.php?rest_route=%2Fwp%2Fv2%2Fmedia&parent=661"}],"curies":[{"name":"wp","href":"https:\/\/api.w.org\/{rel}","templated":true}]}}