{"id":659,"date":"2019-12-06T12:06:32","date_gmt":"2019-12-06T12:06:32","guid":{"rendered":"https:\/\/emlekpont.hu\/?page_id=659"},"modified":"2020-02-05T11:21:45","modified_gmt":"2020-02-05T11:21:45","slug":"allando-kiallitas","status":"publish","type":"page","link":"https:\/\/emlekpont.hu\/?page_id=659","title":{"rendered":"\u00c1lland\u00f3 ki\u00e1ll\u00edt\u00e1s"},"content":{"rendered":"\t\t<div data-elementor-type=\"wp-page\" data-elementor-id=\"659\" class=\"elementor elementor-659\" data-elementor-post-type=\"page\">\n\t\t\t\t\t\t<section class=\"elementor-section elementor-top-section elementor-element elementor-element-4c98f4f elementor-section-boxed elementor-section-height-default elementor-section-height-default\" data-id=\"4c98f4f\" data-element_type=\"section\">\n\t\t\t\t\t\t<div class=\"elementor-container elementor-column-gap-default\">\n\t\t\t\t\t<div class=\"elementor-column elementor-col-100 elementor-top-column elementor-element elementor-element-08a93c2\" data-id=\"08a93c2\" data-element_type=\"column\">\n\t\t\t<div class=\"elementor-widget-wrap elementor-element-populated\">\n\t\t\t\t\t\t<div class=\"elementor-element elementor-element-a40affc elementor-widget elementor-widget-heading\" data-id=\"a40affc\" data-element_type=\"widget\" data-widget_type=\"heading.default\">\n\t\t\t\t<div class=\"elementor-widget-container\">\n\t\t\t<h2 class=\"elementor-heading-title elementor-size-default\">F\u00e9l \u00e9vsz\u00e1zad V\u00e1s\u00e1rhelyen<\/h2>\t\t<\/div>\n\t\t\t\t<\/div>\n\t\t\t\t\t<\/div>\n\t\t<\/div>\n\t\t\t\t\t<\/div>\n\t\t<\/section>\n\t\t\t\t<section class=\"elementor-section elementor-top-section elementor-element elementor-element-5730074 elementor-section-boxed elementor-section-height-default elementor-section-height-default\" data-id=\"5730074\" data-element_type=\"section\">\n\t\t\t\t\t\t<div class=\"elementor-container elementor-column-gap-default\">\n\t\t\t\t\t<div class=\"elementor-column elementor-col-100 elementor-top-column elementor-element elementor-element-6b2ca7a\" data-id=\"6b2ca7a\" data-element_type=\"column\">\n\t\t\t<div class=\"elementor-widget-wrap elementor-element-populated\">\n\t\t\t\t\t\t<div class=\"elementor-element elementor-element-b4abd51 elementor-widget-divider--view-line elementor-widget elementor-widget-divider\" data-id=\"b4abd51\" data-element_type=\"widget\" data-widget_type=\"divider.default\">\n\t\t\t\t<div class=\"elementor-widget-container\">\n\t\t\t\t\t<div class=\"elementor-divider\">\n\t\t\t<span class=\"elementor-divider-separator\">\n\t\t\t\t\t\t<\/span>\n\t\t<\/div>\n\t\t\t\t<\/div>\n\t\t\t\t<\/div>\n\t\t\t\t\t<\/div>\n\t\t<\/div>\n\t\t\t\t\t<\/div>\n\t\t<\/section>\n\t\t\t\t<section class=\"elementor-section elementor-top-section elementor-element elementor-element-3d04d09 elementor-section-boxed elementor-section-height-default elementor-section-height-default\" data-id=\"3d04d09\" data-element_type=\"section\">\n\t\t\t\t\t\t<div class=\"elementor-container elementor-column-gap-default\">\n\t\t\t\t\t<div class=\"elementor-column elementor-col-100 elementor-top-column elementor-element elementor-element-1f0383b\" data-id=\"1f0383b\" data-element_type=\"column\">\n\t\t\t<div class=\"elementor-widget-wrap elementor-element-populated\">\n\t\t\t\t\t\t<div class=\"elementor-element elementor-element-e9c8ad9 elementor-widget elementor-widget-text-editor\" data-id=\"e9c8ad9\" data-element_type=\"widget\" data-widget_type=\"text-editor.default\">\n\t\t\t\t<div class=\"elementor-widget-container\">\n\t\t\t\t\t\t\t<p><strong>Az Eml\u00e9kpont els\u0151k\u00e9nt Magyarorsz\u00e1gon \u2013 \u00e9s tal\u00e1n Eur\u00f3p\u00e1ban is \u2013egy v\u00e1ros t\u00f6rt\u00e9net\u00e9n kereszt\u00fcl t\u00e1rja a l\u00e1togat\u00f3k el\u00e9, hogy mit jelentett az itt \u00e9l\u0151k sz\u00e1m\u00e1ra a kommunista diktat\u00fara id\u0151szaka. A ki\u00e1ll\u00edt\u00e1s mintegy bej\u00e1rhat\u00f3 filmk\u00e9nt mutatja be a szocialista k\u00eds\u00e9rlet korszak\u00e1t: a kor szemtan\u00faival k\u00e9sz\u00edtett k\u00f6zel k\u00e9tsz\u00e1z besz\u00e9lget\u00e9sen, \u0151k maguk mondj\u00e1k el, hogy hogyan v\u00e1ltozott meg \u00e9let\u00fck, hogyan forgatta ki sorsukat gy\u00f6kerest\u00fcl az \u00e1llamhatalom. A v\u00e1s\u00e1rhelyi emberek a legszem\u00e9lyesebb eml\u00e9keiket is megosztj\u00e1k, a legszomor\u00fabbakat, de a vid\u00e1makat is. A t\u00f6rt\u00e9netek nem csak feket\u00e9k vagy feh\u00e9rek; a h\u00e9tk\u00f6znapok sz\u00fcrkes\u00e9g\u00e9n \u00e1t mindig megcsillan a benne \u00e9l\u0151k \u00e9let\u00f6r\u00f6me, \u00e9letakar\u00e1sa. Felid\u00e9zik ugyanakkor azokat a t\u00f6rt\u00e9neteket is, amelyekr\u0151l \u00e9vtizedekig nem besz\u00e9lhettek, \u00e9s azok sors\u00e1t is, akikr\u0151l nem volt szabad megeml\u00e9kezni.<\/strong><\/p>\t\t\t\t\t\t<\/div>\n\t\t\t\t<\/div>\n\t\t\t\t\t<\/div>\n\t\t<\/div>\n\t\t\t\t\t<\/div>\n\t\t<\/section>\n\t\t\t\t<section class=\"elementor-section elementor-top-section elementor-element elementor-element-2ec067f elementor-section-boxed elementor-section-height-default elementor-section-height-default\" data-id=\"2ec067f\" data-element_type=\"section\">\n\t\t\t\t\t\t<div class=\"elementor-container elementor-column-gap-default\">\n\t\t\t\t\t<div class=\"elementor-column elementor-col-50 elementor-top-column elementor-element elementor-element-aae8b34\" data-id=\"aae8b34\" data-element_type=\"column\">\n\t\t\t<div class=\"elementor-widget-wrap elementor-element-populated\">\n\t\t\t\t\t\t<div class=\"elementor-element elementor-element-c3f4ac3 elementor-widget elementor-widget-text-editor\" data-id=\"c3f4ac3\" data-element_type=\"widget\" data-widget_type=\"text-editor.default\">\n\t\t\t\t<div class=\"elementor-widget-container\">\n\t\t\t\t\t\t\t<p>A f\u00f6ldszinti termekben megismerhetj\u00fck a m\u00e1ra szinte elt\u0171nt tanyavil\u00e1got, amely egykor V\u00e1s\u00e1rhelyt jellemezte. A kommunista hatalom hadat \u00fczent a tany\u00e1k \u00e9s lak\u00f3ik ellen: megszak\u00edtott\u00e1k, t\u00f6nkretett\u00e9k ezt az \u00e9vsz\u00e1zados hagyom\u00e1nyt. A hagyom\u00e1nyt &#8211; a kult\u00far\u00e1t \u00e9s \u00e9letm\u00f3dot \u2013 amelyet a v\u00e1s\u00e1rhelyiek a sz\u00edv\u00fck\u00f6n viselt\u00e9k, \u00e9s amelyre oly b\u00fcszk\u00e9k voltak. Tov\u00e1bb is adt\u00e1k volna ut\u00f3daiknak, hogy folytass\u00e1k \u0151k, ha nem \u00e1ll a feje tetej\u00e9re a vil\u00e1g. Sokan voltak azonban a v\u00e1s\u00e1rhelyi hat\u00e1rban, akik tenni akartak az elnyom\u00e1s ellen. Fiatalok sz\u00e1z sz\u00e1mra l\u00e9ptek be a v\u00f6r\u00f6s diktat\u00fara ellen l\u00e9trehozott mozgalomba, a Feh\u00e9r G\u00e1rd\u00e1ba. K\u00e9t huszon\u00e9ves vezet\u0151j\u00fcket 1951-ben kiv\u00e9gezt\u00e9k, m\u00e1sok sok \u00e9v b\u00f6rt\u00f6nb\u00fcntet\u00e9st kaptak. A ki\u00e1ll\u00edt\u00e1son papok \u00e9s lelk\u00e9szek eml\u00e9keznek vissza arra, hogy mik\u00e9nt tudtak megmaradni ebben a v\u00e9szterhes korszakban hit\u00fck, \u00e9s gy\u00fclekezet\u00fck &#8211; \u201ea F\u00e9ny\u201d &#8211; szolg\u00e1lat\u00e1ban. Elmondj\u00e1k; h\u00edveik gyakran erej\u00fck\u00f6n fel\u00fcl igyekeztek s eg\u00edteni egyh\u00e1zk\u00f6z\u00f6ss\u00e9g\u00fck\u00f6n.<\/p>\t\t\t\t\t\t<\/div>\n\t\t\t\t<\/div>\n\t\t\t\t\t<\/div>\n\t\t<\/div>\n\t\t\t\t<div class=\"elementor-column elementor-col-50 elementor-top-column elementor-element elementor-element-7bb65bc\" data-id=\"7bb65bc\" data-element_type=\"column\">\n\t\t\t<div class=\"elementor-widget-wrap elementor-element-populated\">\n\t\t\t\t\t\t<div class=\"elementor-element elementor-element-b4efe7f elementor-widget elementor-widget-image\" data-id=\"b4efe7f\" data-element_type=\"widget\" data-widget_type=\"image.default\">\n\t\t\t\t<div class=\"elementor-widget-container\">\n\t\t\t\t\t\t\t\t\t\t\t\t\t\t<a href=\"http:\/\/emlekpont.hu\/wp-content\/uploads\/2019\/12\/emlekpont_all_02.jpg\" data-elementor-open-lightbox=\"yes\" data-elementor-lightbox-title=\"B0027P 0001\" data-e-action-hash=\"#elementor-action%3Aaction%3Dlightbox%26settings%3DeyJpZCI6NjczLCJ1cmwiOiJodHRwczpcL1wvZW1sZWtwb250Lmh1XC93cC1jb250ZW50XC91cGxvYWRzXC8yMDE5XC8xMlwvZW1sZWtwb250X2FsbF8wMi5qcGcifQ%3D%3D\">\n\t\t\t\t\t\t\t<img fetchpriority=\"high\" decoding=\"async\" width=\"250\" height=\"250\" src=\"https:\/\/emlekpont.hu\/wp-content\/uploads\/2019\/12\/emlekpont_all_02.jpg\" class=\"attachment-large size-large wp-image-673\" alt=\"\" srcset=\"https:\/\/emlekpont.hu\/wp-content\/uploads\/2019\/12\/emlekpont_all_02.jpg 250w, https:\/\/emlekpont.hu\/wp-content\/uploads\/2019\/12\/emlekpont_all_02-150x150.jpg 150w, https:\/\/emlekpont.hu\/wp-content\/uploads\/2019\/12\/emlekpont_all_02-230x230.jpg 230w\" sizes=\"(max-width: 250px) 100vw, 250px\" \/>\t\t\t\t\t\t\t\t<\/a>\n\t\t\t\t\t\t\t\t\t\t\t\t\t<\/div>\n\t\t\t\t<\/div>\n\t\t\t\t\t<\/div>\n\t\t<\/div>\n\t\t\t\t\t<\/div>\n\t\t<\/section>\n\t\t\t\t<section class=\"elementor-section elementor-top-section elementor-element elementor-element-b689877 elementor-section-boxed elementor-section-height-default elementor-section-height-default\" data-id=\"b689877\" data-element_type=\"section\">\n\t\t\t\t\t\t<div class=\"elementor-container elementor-column-gap-default\">\n\t\t\t\t\t<div class=\"elementor-column elementor-col-100 elementor-top-column elementor-element elementor-element-e5c6b3e\" data-id=\"e5c6b3e\" data-element_type=\"column\">\n\t\t\t<div class=\"elementor-widget-wrap elementor-element-populated\">\n\t\t\t\t\t\t<div class=\"elementor-element elementor-element-ebd19fe elementor-widget elementor-widget-text-editor\" data-id=\"ebd19fe\" data-element_type=\"widget\" data-widget_type=\"text-editor.default\">\n\t\t\t\t<div class=\"elementor-widget-container\">\n\t\t\t\t\t\t\t<p>A \u201eb\u0171n\u00f6s\u00f6k fala\u201d, a tettesek portr\u00e9i mellett jutunk le a pinc\u00e9be, ahol szinte \u00f6sszenyomnak minket az \u00e1v\u00f3s hat\u00e1r\u0151r\u00f6k monument\u00e1lis szobrai. Ez a er\u0151szakszervezetek, bes\u00fag\u00f3k \u00e9s \u00fcgyn\u00f6k\u00f6k vil\u00e1ga, amelyek \u00e1ltal az \u00e1llamp\u00e1rt arra t\u00f6rekedett, hogy megf\u00e9leml\u00edtse, \u00e9s folyamatosan f\u00e9lelemben tartsa \u00e1llampolg\u00e1rait. Tette ezt elnyom\u00e1ssal, megfigyel\u00e9ssel, bes\u00fag\u00e1ssal \u00e9s zsarol\u00e1ssal, valamint a propaganda minden eszk\u00f6z\u00e9vel. Ez volt a \u201eharcos b\u00e9ke\u201d, ahogy \u0151k nevezt\u00e9k. Ez \u00f6nmag\u00e1ban mindent elmond.<\/p>\t\t\t\t\t\t<\/div>\n\t\t\t\t<\/div>\n\t\t\t\t\t<\/div>\n\t\t<\/div>\n\t\t\t\t\t<\/div>\n\t\t<\/section>\n\t\t\t\t<section class=\"elementor-section elementor-top-section elementor-element elementor-element-b1b4c56 elementor-section-boxed elementor-section-height-default elementor-section-height-default\" data-id=\"b1b4c56\" data-element_type=\"section\">\n\t\t\t\t\t\t<div class=\"elementor-container elementor-column-gap-default\">\n\t\t\t\t\t<div class=\"elementor-column elementor-col-50 elementor-top-column elementor-element elementor-element-424198e\" data-id=\"424198e\" data-element_type=\"column\">\n\t\t\t<div class=\"elementor-widget-wrap elementor-element-populated\">\n\t\t\t\t\t\t<div class=\"elementor-element elementor-element-5f37bf5 elementor-widget elementor-widget-image\" data-id=\"5f37bf5\" data-element_type=\"widget\" data-widget_type=\"image.default\">\n\t\t\t\t<div class=\"elementor-widget-container\">\n\t\t\t\t\t\t\t\t\t\t\t\t\t\t<a href=\"http:\/\/emlekpont.hu\/wp-content\/uploads\/2019\/12\/emlekpont_all_04.jpg\" data-elementor-open-lightbox=\"yes\" data-elementor-lightbox-title=\"emlekpont_all_04\" data-e-action-hash=\"#elementor-action%3Aaction%3Dlightbox%26settings%3DeyJpZCI6Njc1LCJ1cmwiOiJodHRwczpcL1wvZW1sZWtwb250Lmh1XC93cC1jb250ZW50XC91cGxvYWRzXC8yMDE5XC8xMlwvZW1sZWtwb250X2FsbF8wNC5qcGcifQ%3D%3D\">\n\t\t\t\t\t\t\t<img decoding=\"async\" width=\"250\" height=\"182\" src=\"https:\/\/emlekpont.hu\/wp-content\/uploads\/2019\/12\/emlekpont_all_04.jpg\" class=\"attachment-full size-full wp-image-675\" alt=\"\" srcset=\"https:\/\/emlekpont.hu\/wp-content\/uploads\/2019\/12\/emlekpont_all_04.jpg 250w, https:\/\/emlekpont.hu\/wp-content\/uploads\/2019\/12\/emlekpont_all_04-230x167.jpg 230w\" sizes=\"(max-width: 250px) 100vw, 250px\" \/>\t\t\t\t\t\t\t\t<\/a>\n\t\t\t\t\t\t\t\t\t\t\t\t\t<\/div>\n\t\t\t\t<\/div>\n\t\t\t\t\t<\/div>\n\t\t<\/div>\n\t\t\t\t<div class=\"elementor-column elementor-col-50 elementor-top-column elementor-element elementor-element-46ad92e\" data-id=\"46ad92e\" data-element_type=\"column\">\n\t\t\t<div class=\"elementor-widget-wrap elementor-element-populated\">\n\t\t\t\t\t\t<div class=\"elementor-element elementor-element-360aed0 elementor-widget elementor-widget-text-editor\" data-id=\"360aed0\" data-element_type=\"widget\" data-widget_type=\"text-editor.default\">\n\t\t\t\t<div class=\"elementor-widget-container\">\n\t\t\t\t\t\t\t<p>Az els\u0151 szintre haladva, azoknak a szem\u00e9lyeknek a f\u00e9nyk\u00e9pe l\u00e1that\u00f3, akik a v\u00e1ros 20. sz\u00e1zadi t\u00f6rt\u00e9nelm\u00e9ben fontos szerepet j\u00e1tszottak. A z emeleten a K\u00e1d\u00e1r-korszak helyi vil\u00e1ga jelenik meg: a v\u00f6r\u00f6s lobog\u00f3k el\u0151tt a mozgalmi \u00e9let, a KISZ tagok avat\u00e1sa, a felvonul\u00e1sok hangulata elevenedik meg el\u0151tt\u00fcnk. El\u00e9nk t\u00e1rul egy r\u00e9gi m\u00e1jus 1-jei par\u00e1d\u00e9 1986-b\u00f3l, amelynek k\u00f6zvet\u00edt\u00e9se egyben az ekkor indul\u00f3 v\u00e1rosi telev\u00edzi\u00f3 bemutatkoz\u00f3ja, \u00fcnnepi ad\u00e1sa is volt.<\/p>\t\t\t\t\t\t<\/div>\n\t\t\t\t<\/div>\n\t\t\t\t\t<\/div>\n\t\t<\/div>\n\t\t\t\t\t<\/div>\n\t\t<\/section>\n\t\t\t\t<section class=\"elementor-section elementor-top-section elementor-element elementor-element-6fd7d59 elementor-section-boxed elementor-section-height-default elementor-section-height-default\" data-id=\"6fd7d59\" data-element_type=\"section\">\n\t\t\t\t\t\t<div class=\"elementor-container elementor-column-gap-default\">\n\t\t\t\t\t<div class=\"elementor-column elementor-col-100 elementor-top-column elementor-element elementor-element-1dc3104\" data-id=\"1dc3104\" data-element_type=\"column\">\n\t\t\t<div class=\"elementor-widget-wrap elementor-element-populated\">\n\t\t\t\t\t\t<div class=\"elementor-element elementor-element-2efd40b elementor-widget elementor-widget-text-editor\" data-id=\"2efd40b\" data-element_type=\"widget\" data-widget_type=\"text-editor.default\">\n\t\t\t\t<div class=\"elementor-widget-container\">\n\t\t\t\t\t\t\t<p>Az 1945-1990 k\u00f6z\u00f6tti id\u0151szak m\u0171v\u00e9szet\u00e9t bemutat\u00f3 teremben nyerte el v\u00e9gs\u0151 nyughely\u00e9t a helyiek \u00e1ltal csak \u201eIv\u00e1n\u201d-nak nevezett szovjet katona szobra, amely n\u00e9gy m\u00e9teres magass\u00e1g\u00e1val uralja a ki\u00e1ll\u00edt\u00f3teret. Mint ahogy a korszak m\u0171v\u00e9szet\u00e9t is uralta az \u00e1llamp\u00e1rt kultur\u00e1lis vezet\u00e9se. Az itt elhelyezett szocre\u00e1l \u2013 az \u00f6tvenes \u00e9vek megk\u00f6vetelt \u00e9s elv\u00e1rt st\u00edlus\u00e1ban sz\u00fcletett &#8211; festm\u00e9nyek \u00e9les ellent\u00e9tben \u00e1llnak a v\u00e1s\u00e1rhelyi m\u0171v\u00e9szek \u00e9s n\u00f6vend\u00e9keik olyan m\u00e1s, kvalit\u00e1sos alkot\u00e1saival, amelyek ki\u00e1llt\u00e1k az id\u0151 pr\u00f3b\u00e1j\u00e1t. Mi sem bizony\u00edtja jobban, hogy 1954 \u00f3ta minden \u00e9v okt\u00f3ber\u00e9ben sor ker\u00fcl a hazai kort\u00e1rs \u2013 v\u00e1s\u00e1rhelyi gy\u00f6kerekb\u0151l t\u00e1pl\u00e1lkoz\u00f3 \u2013 m\u0171v\u00e9szek ki\u00e1ll\u00edt\u00e1sra, az orsz\u00e1gos h\u00edr\u0171 V\u00e1s\u00e1rhelyi \u0150szi T\u00e1rlatra.<\/p>\t\t\t\t\t\t<\/div>\n\t\t\t\t<\/div>\n\t\t\t\t\t<\/div>\n\t\t<\/div>\n\t\t\t\t\t<\/div>\n\t\t<\/section>\n\t\t\t\t<section class=\"elementor-section elementor-top-section elementor-element elementor-element-f36ace3 elementor-section-boxed elementor-section-height-default elementor-section-height-default\" data-id=\"f36ace3\" data-element_type=\"section\">\n\t\t\t\t\t\t<div class=\"elementor-container elementor-column-gap-default\">\n\t\t\t\t\t<div class=\"elementor-column elementor-col-50 elementor-top-column elementor-element elementor-element-5b260c3\" data-id=\"5b260c3\" data-element_type=\"column\">\n\t\t\t<div class=\"elementor-widget-wrap elementor-element-populated\">\n\t\t\t\t\t\t<div class=\"elementor-element elementor-element-41fbc15 elementor-widget elementor-widget-text-editor\" data-id=\"41fbc15\" data-element_type=\"widget\" data-widget_type=\"text-editor.default\">\n\t\t\t\t<div class=\"elementor-widget-container\">\n\t\t\t\t\t\t\t<p>A Mindennapi \u00c9let teremben egy k\u00fcl\u00f6nleges eszk\u00f6z, egy interakt\u00edv asztal v\u00e1rja a l\u00e1 togat\u00f3kat. Az itt elhelyezett sz\u00e1m\u00edt\u00f3g\u00e9peken kateg\u00f3ri\u00e1k szerint keresg\u00e9lhetj\u00fck a korszak eml\u00e9keit az \u00e9retts\u00e9gi tabl\u00f3kt\u00f3l kezdve a r\u00e9gi v\u00e1s\u00e1rhelyi utcak\u00e9peken \u00e1t, eg\u00e9szen a nyolcvanas \u00e9vekben l\u00e1tott TV rekl\u00e1mokig. Itt l\u00e1that\u00f3ak az egykori gy\u00e1rak, \u00fczemek \u2013 Magyarorsz\u00e1gon, de szerte Eur\u00f3p\u00e1ban \u2013 keresett term\u00e9kei: a METRIPOND m\u00e9rlegei, az Alf\u00f6ldi Porcel\u00e1ngy\u00e1r mindennapi haszn\u00e1lati porcel\u00e1njai, a H\u00d3DIK\u00d6T trevira pul\u00f3verei.<\/p>\t\t\t\t\t\t<\/div>\n\t\t\t\t<\/div>\n\t\t\t\t\t<\/div>\n\t\t<\/div>\n\t\t\t\t<div class=\"elementor-column elementor-col-50 elementor-top-column elementor-element elementor-element-a3aa6fa\" data-id=\"a3aa6fa\" data-element_type=\"column\">\n\t\t\t<div class=\"elementor-widget-wrap elementor-element-populated\">\n\t\t\t\t\t\t<div class=\"elementor-element elementor-element-82395e6 elementor-widget elementor-widget-image\" data-id=\"82395e6\" data-element_type=\"widget\" data-widget_type=\"image.default\">\n\t\t\t\t<div class=\"elementor-widget-container\">\n\t\t\t\t\t\t\t\t\t\t\t\t\t\t<a href=\"http:\/\/emlekpont.hu\/wp-content\/uploads\/2019\/12\/emlekpont_all_01.jpg\" data-elementor-open-lightbox=\"yes\" data-elementor-lightbox-title=\"emlekpont_all_01\" data-e-action-hash=\"#elementor-action%3Aaction%3Dlightbox%26settings%3DeyJpZCI6Njc3LCJ1cmwiOiJodHRwczpcL1wvZW1sZWtwb250Lmh1XC93cC1jb250ZW50XC91cGxvYWRzXC8yMDE5XC8xMlwvZW1sZWtwb250X2FsbF8wMS5qcGcifQ%3D%3D\">\n\t\t\t\t\t\t\t<img decoding=\"async\" width=\"250\" height=\"187\" src=\"https:\/\/emlekpont.hu\/wp-content\/uploads\/2019\/12\/emlekpont_all_01.jpg\" class=\"attachment-large size-large wp-image-677\" alt=\"\" srcset=\"https:\/\/emlekpont.hu\/wp-content\/uploads\/2019\/12\/emlekpont_all_01.jpg 250w, https:\/\/emlekpont.hu\/wp-content\/uploads\/2019\/12\/emlekpont_all_01-230x172.jpg 230w\" sizes=\"(max-width: 250px) 100vw, 250px\" \/>\t\t\t\t\t\t\t\t<\/a>\n\t\t\t\t\t\t\t\t\t\t\t\t\t<\/div>\n\t\t\t\t<\/div>\n\t\t\t\t\t<\/div>\n\t\t<\/div>\n\t\t\t\t\t<\/div>\n\t\t<\/section>\n\t\t\t\t<section class=\"elementor-section elementor-top-section elementor-element elementor-element-7162daf elementor-section-boxed elementor-section-height-default elementor-section-height-default\" data-id=\"7162daf\" data-element_type=\"section\">\n\t\t\t\t\t\t<div class=\"elementor-container elementor-column-gap-default\">\n\t\t\t\t\t<div class=\"elementor-column elementor-col-100 elementor-top-column elementor-element elementor-element-1e29bd2\" data-id=\"1e29bd2\" data-element_type=\"column\">\n\t\t\t<div class=\"elementor-widget-wrap elementor-element-populated\">\n\t\t\t\t\t\t<div class=\"elementor-element elementor-element-00dc3ed elementor-widget elementor-widget-text-editor\" data-id=\"00dc3ed\" data-element_type=\"widget\" data-widget_type=\"text-editor.default\">\n\t\t\t\t<div class=\"elementor-widget-container\">\n\t\t\t\t\t\t\t<p>K\u00f6zt\u00fck a V\u00e1s\u00e1rhelyen gy\u00e1rtott kisaut\u00f3, a PULI, amelyet k\u00fcl\u00f6nleges m\u00f3don, forg\u00f3 p\u00f3diumon szeml\u00e9lhet\u00fcnk meg. Ez a kor viszonyaihoz m\u00e9rten jelent\u0151s siker azonban nem j\u00f6hetett volna l\u00e9tre a v\u00e1s\u00e1rhelyiek tenni akar\u00e1sa, \u00e9s szaktud\u00e1sa n\u00e9lk\u00fcl. A szocialista tervutas\u00edt\u00e1sos rendszerben azonban a termel\u00e9s is a propaganda egyik eszk\u00f6ze volt. Az egykori v\u00e1s\u00e1rhelyi \u00fczemek vezet\u0151i elmondj\u00e1k, hogy a mesters\u00e9gesen fenntartot t rendszer vissz\u00e1ss\u00e1gai \u00e9s h\u00e1tul\u00fct\u0151i v\u00e9g\u00fcl a rendszer teljes buk\u00e1s\u00e1hoz vezettek.<\/p>\t\t\t\t\t\t<\/div>\n\t\t\t\t<\/div>\n\t\t\t\t\t<\/div>\n\t\t<\/div>\n\t\t\t\t\t<\/div>\n\t\t<\/section>\n\t\t\t\t<section class=\"elementor-section elementor-top-section elementor-element elementor-element-647682e elementor-section-boxed elementor-section-height-default elementor-section-height-default\" data-id=\"647682e\" data-element_type=\"section\">\n\t\t\t\t\t\t<div class=\"elementor-container elementor-column-gap-default\">\n\t\t\t\t\t<div class=\"elementor-column elementor-col-50 elementor-top-column elementor-element elementor-element-2b495eb\" data-id=\"2b495eb\" data-element_type=\"column\">\n\t\t\t<div class=\"elementor-widget-wrap elementor-element-populated\">\n\t\t\t\t\t\t<div class=\"elementor-element elementor-element-dc94390 elementor-widget elementor-widget-text-editor\" data-id=\"dc94390\" data-element_type=\"widget\" data-widget_type=\"text-editor.default\">\n\t\t\t\t<div class=\"elementor-widget-container\">\n\t\t\t\t\t\t\t<p>A K\u00e1d\u00e1r korszak jellegzetes vend\u00e9gl\u00e1t\u00f3ipari egys\u00e9g\u00e9ben, a Sportb\u00fcf\u00e9ben korabeli sl\u00e1gerek \u00e9s r\u00e1di\u00f3ad\u00e1sok, sportk\u00f6zvet\u00edt\u00e9sek tesznek \u201evid\u00e1m pontot\u201d a m\u00faltra \u00e9s a ki\u00e1ll\u00edt\u00e1sra. V\u00e9g\u00fcl az udvarra \u00e9rve az egykori szegedi szovjet laktanya d\u00edszei \u00e9s a pinc\u00e9ben l\u00e1tott hat\u00e1r\u0151r szobrok mellett elhaladva \u00e9r v\u00e9get az id\u0151utaz\u00e1s.<\/p>\t\t\t\t\t\t<\/div>\n\t\t\t\t<\/div>\n\t\t\t\t\t<\/div>\n\t\t<\/div>\n\t\t\t\t<div class=\"elementor-column elementor-col-50 elementor-top-column elementor-element elementor-element-3a39582\" data-id=\"3a39582\" data-element_type=\"column\">\n\t\t\t<div class=\"elementor-widget-wrap elementor-element-populated\">\n\t\t\t\t\t\t<div class=\"elementor-element elementor-element-dddf8ac elementor-widget elementor-widget-image\" data-id=\"dddf8ac\" data-element_type=\"widget\" data-widget_type=\"image.default\">\n\t\t\t\t<div class=\"elementor-widget-container\">\n\t\t\t\t\t\t\t\t\t\t\t\t\t\t<a href=\"http:\/\/emlekpont.hu\/wp-content\/uploads\/2019\/12\/emlekpont_all_03.jpg\" data-elementor-open-lightbox=\"yes\" data-elementor-lightbox-title=\"emlekpont_all_03\" data-e-action-hash=\"#elementor-action%3Aaction%3Dlightbox%26settings%3DeyJpZCI6Njc4LCJ1cmwiOiJodHRwczpcL1wvZW1sZWtwb250Lmh1XC93cC1jb250ZW50XC91cGxvYWRzXC8yMDE5XC8xMlwvZW1sZWtwb250X2FsbF8wMy5qcGcifQ%3D%3D\">\n\t\t\t\t\t\t\t<img loading=\"lazy\" decoding=\"async\" width=\"250\" height=\"182\" src=\"https:\/\/emlekpont.hu\/wp-content\/uploads\/2019\/12\/emlekpont_all_03.jpg\" class=\"attachment-large size-large wp-image-678\" alt=\"\" srcset=\"https:\/\/emlekpont.hu\/wp-content\/uploads\/2019\/12\/emlekpont_all_03.jpg 250w, https:\/\/emlekpont.hu\/wp-content\/uploads\/2019\/12\/emlekpont_all_03-230x167.jpg 230w\" sizes=\"(max-width: 250px) 100vw, 250px\" \/>\t\t\t\t\t\t\t\t<\/a>\n\t\t\t\t\t\t\t\t\t\t\t\t\t<\/div>\n\t\t\t\t<\/div>\n\t\t\t\t\t<\/div>\n\t\t<\/div>\n\t\t\t\t\t<\/div>\n\t\t<\/section>\n\t\t\t\t<section class=\"elementor-section elementor-top-section elementor-element elementor-element-f0c9696 elementor-section-boxed elementor-section-height-default elementor-section-height-default\" data-id=\"f0c9696\" data-element_type=\"section\">\n\t\t\t\t\t\t<div class=\"elementor-container elementor-column-gap-default\">\n\t\t\t\t\t<div class=\"elementor-column elementor-col-100 elementor-top-column elementor-element elementor-element-96d9a14\" data-id=\"96d9a14\" data-element_type=\"column\">\n\t\t\t<div class=\"elementor-widget-wrap elementor-element-populated\">\n\t\t\t\t\t\t<div class=\"elementor-element elementor-element-3661c8a elementor-widget elementor-widget-text-editor\" data-id=\"3661c8a\" data-element_type=\"widget\" data-widget_type=\"text-editor.default\">\n\t\t\t\t<div class=\"elementor-widget-container\">\n\t\t\t\t\t\t\t<p>Aki ell\u00e1togat az Eml\u00e9kpontba, gazdagabban t\u00e1vozik, mert nem csak ismeretet, tud\u00e1st visz mag\u00e1val, hanem \u00fagy \u00e9rezheti, emberi k\u00f6zels\u00e9gbe ker\u00fclt a t\u00f6rt\u00e9nelemmel.<\/p><p>T\u00f6rt\u00e9n\u00e9szi koncepci\u00f3: <strong>Dr. Schmidt M\u00e1ria<\/strong><br \/>\u00c9p\u00edt\u00e9szet, design: <strong>F. Kov\u00e1cs Attila<\/strong><br \/>Berendez\u00e9s: <strong>Makai L\u00e1szl\u00f3<\/strong><br \/>Zene: <strong>Kov\u00e1cs \u00c1kos<\/strong><\/p>\t\t\t\t\t\t<\/div>\n\t\t\t\t<\/div>\n\t\t\t\t\t<\/div>\n\t\t<\/div>\n\t\t\t\t\t<\/div>\n\t\t<\/section>\n\t\t\t\t<\/div>\n\t\t","protected":false},"excerpt":{"rendered":"<p>F\u00e9l \u00e9vsz\u00e1zad V\u00e1s\u00e1rhelyen Az Eml\u00e9kpont els\u0151k\u00e9nt Magyarorsz\u00e1gon \u2013 \u00e9s tal\u00e1n Eur\u00f3p\u00e1ban is \u2013egy v\u00e1ros t\u00f6rt\u00e9net\u00e9n kereszt\u00fcl t\u00e1rja a l\u00e1togat\u00f3k el\u00e9, hogy mit jelentett az itt \u00e9l\u0151k sz\u00e1m\u00e1ra a kommunista diktat\u00fara id\u0151szaka. A ki\u00e1ll\u00edt\u00e1s mintegy bej\u00e1rhat\u00f3 filmk\u00e9nt mutatja be a szocialista k\u00eds\u00e9rlet korszak\u00e1t: a kor szemtan\u00faival k\u00e9sz\u00edtett k\u00f6zel k\u00e9tsz\u00e1z besz\u00e9lget\u00e9sen, \u0151k maguk mondj\u00e1k el, hogy hogyan [&hellip;]<\/p>\n","protected":false},"author":5,"featured_media":0,"parent":658,"menu_order":0,"comment_status":"closed","ping_status":"closed","template":"elementor_header_footer","meta":{"footnotes":""},"_links":{"self":[{"href":"https:\/\/emlekpont.hu\/index.php?rest_route=\/wp\/v2\/pages\/659"}],"collection":[{"href":"https:\/\/emlekpont.hu\/index.php?rest_route=\/wp\/v2\/pages"}],"about":[{"href":"https:\/\/emlekpont.hu\/index.php?rest_route=\/wp\/v2\/types\/page"}],"author":[{"embeddable":true,"href":"https:\/\/emlekpont.hu\/index.php?rest_route=\/wp\/v2\/users\/5"}],"replies":[{"embeddable":true,"href":"https:\/\/emlekpont.hu\/index.php?rest_route=%2Fwp%2Fv2%2Fcomments&post=659"}],"version-history":[{"count":13,"href":"https:\/\/emlekpont.hu\/index.php?rest_route=\/wp\/v2\/pages\/659\/revisions"}],"predecessor-version":[{"id":1093,"href":"https:\/\/emlekpont.hu\/index.php?rest_route=\/wp\/v2\/pages\/659\/revisions\/1093"}],"up":[{"embeddable":true,"href":"https:\/\/emlekpont.hu\/index.php?rest_route=\/wp\/v2\/pages\/658"}],"wp:attachment":[{"href":"https:\/\/emlekpont.hu\/index.php?rest_route=%2Fwp%2Fv2%2Fmedia&parent=659"}],"curies":[{"name":"wp","href":"https:\/\/api.w.org\/{rel}","templated":true}]}}