{"id":50,"date":"2019-10-29T12:20:34","date_gmt":"2019-10-29T12:20:34","guid":{"rendered":"https:\/\/emlekpont.hu\/?page_id=50"},"modified":"2019-12-15T11:00:47","modified_gmt":"2019-12-15T11:00:47","slug":"linkek","status":"publish","type":"page","link":"https:\/\/emlekpont.hu\/?page_id=50","title":{"rendered":"Egy\u00fcttm\u0171k\u00f6d\u0151 partnereink"},"content":{"rendered":"\t\t<div data-elementor-type=\"wp-page\" data-elementor-id=\"50\" class=\"elementor elementor-50\" data-elementor-post-type=\"page\">\n\t\t\t\t\t\t<section class=\"elementor-section elementor-top-section elementor-element elementor-element-e647e5a elementor-section-boxed elementor-section-height-default elementor-section-height-default\" data-id=\"e647e5a\" data-element_type=\"section\">\n\t\t\t\t\t\t<div class=\"elementor-container elementor-column-gap-default\">\n\t\t\t\t\t<div class=\"elementor-column elementor-col-100 elementor-top-column elementor-element elementor-element-6dbe227\" data-id=\"6dbe227\" data-element_type=\"column\">\n\t\t\t<div class=\"elementor-widget-wrap elementor-element-populated\">\n\t\t\t\t\t\t<div class=\"elementor-element elementor-element-c6a0cd6 elementor-widget elementor-widget-heading\" data-id=\"c6a0cd6\" data-element_type=\"widget\" data-widget_type=\"heading.default\">\n\t\t\t\t<div class=\"elementor-widget-container\">\n\t\t\t<h2 class=\"elementor-heading-title elementor-size-default\">Egy\u00fcttm\u0171k\u00f6d\u0151 partnereink<\/h2>\t\t<\/div>\n\t\t\t\t<\/div>\n\t\t\t\t\t<\/div>\n\t\t<\/div>\n\t\t\t\t\t<\/div>\n\t\t<\/section>\n\t\t\t\t<section class=\"elementor-section elementor-top-section elementor-element elementor-element-5bae59a elementor-section-boxed elementor-section-height-default elementor-section-height-default\" data-id=\"5bae59a\" data-element_type=\"section\">\n\t\t\t\t\t\t<div class=\"elementor-container elementor-column-gap-default\">\n\t\t\t\t\t<div class=\"elementor-column elementor-col-100 elementor-top-column elementor-element elementor-element-2db1823\" data-id=\"2db1823\" data-element_type=\"column\">\n\t\t\t<div class=\"elementor-widget-wrap elementor-element-populated\">\n\t\t\t\t\t\t<div class=\"elementor-element elementor-element-2edd578 elementor-widget-divider--view-line elementor-widget elementor-widget-divider\" data-id=\"2edd578\" data-element_type=\"widget\" data-widget_type=\"divider.default\">\n\t\t\t\t<div class=\"elementor-widget-container\">\n\t\t\t\t\t<div class=\"elementor-divider\">\n\t\t\t<span class=\"elementor-divider-separator\">\n\t\t\t\t\t\t<\/span>\n\t\t<\/div>\n\t\t\t\t<\/div>\n\t\t\t\t<\/div>\n\t\t\t\t\t<\/div>\n\t\t<\/div>\n\t\t\t\t\t<\/div>\n\t\t<\/section>\n\t\t\t\t<section class=\"elementor-section elementor-top-section elementor-element elementor-element-339e6fe0 elementor-section-boxed elementor-section-height-default elementor-section-height-default\" data-id=\"339e6fe0\" data-element_type=\"section\">\n\t\t\t\t\t\t<div class=\"elementor-container elementor-column-gap-default\">\n\t\t\t\t\t<div class=\"elementor-column elementor-col-100 elementor-top-column elementor-element elementor-element-74938277\" data-id=\"74938277\" data-element_type=\"column\">\n\t\t\t<div class=\"elementor-widget-wrap elementor-element-populated\">\n\t\t\t\t\t\t<div class=\"elementor-element elementor-element-42fc00f2 elementor-widget elementor-widget-text-editor\" data-id=\"42fc00f2\" data-element_type=\"widget\" data-widget_type=\"text-editor.default\">\n\t\t\t\t<div class=\"elementor-widget-container\">\n\t\t\t\t\t\t\t<!-- wp:html -->\n<div class=\"wp-block-image\"><a href=\"http:\/\/www.szegedkurir.hu\/\"><figure class=\"aligncenter is-resized\"><img fetchpriority=\"high\" decoding=\"async\" src=\"http:\/\/www.emlekpont.hu\/uploadFiles\/135206\/szegedkurir1.jpg\" alt=\"Szegedkurir\" width=\"468\" height=\"126\"><\/figure><\/a><\/div>\n<!-- \/wp:html -->\n\n<!-- wp:paragraph {\"align\":\"center\",\"className\":\"kep_link\"} -->\n<p class=\"has-text-align-center kep_link\"><a href=\"http:\/\/www.szegedkurir.hu\/\">Szegedkurir<\/a><\/p>\n<!-- \/wp:paragraph -->\n\n<!-- wp:html -->\n<div class=\"wp-block-image\"><a href=\"http:\/\/www.tortenelemklub.hu\/\"><figure class=\"aligncenter\"><img decoding=\"async\" src=\"http:\/\/www.emlekpont.hu\/uploadFiles\/135206\/tortenelemklub.jpg\" alt=\"T\u00f6rt\u00e9nelem klub\"><\/figure><\/a><\/div>\n<!-- \/wp:html -->\n\n<!-- wp:paragraph {\"align\":\"center\",\"className\":\"kep_link\"} -->\n<p class=\"has-text-align-center kep_link\"><a href=\"http:\/\/www.tortenelemklub.hu\/\">T\u00f6rt\u00e9nelem klub<\/a><\/p>\n<!-- \/wp:paragraph -->\n\n<!-- wp:image {\"align\":\"center\",\"linkDestination\":\"custom\"} -->\n<div class=\"wp-block-image\"><figure class=\"aligncenter\"><a href=\"http:\/\/www.kre.hu\/portal\/index.php?option=com_content&amp;task=section&amp;id=110&amp;Itemid=281\"><img decoding=\"async\" src=\"http:\/\/www.emlekpont.hu\/uploadFiles\/135206\/kre_banner_uj.jpg\" alt=\"K\u00e1roli G\u00e1sp\u00e1r Reform\u00e1tus Egyetem Kremlinol\u00f3giai Int\u00e9zet\"\/><\/a><\/figure><\/div>\n<!-- \/wp:image -->\n\n<!-- wp:paragraph {\"align\":\"center\",\"className\":\"kep_link\"} -->\n<p class=\"has-text-align-center kep_link\"><a href=\"http:\/\/www.kre.hu\/portal\/index.php?option=com_content&amp;task=section&amp;id=110&amp;Itemid=281\">K\u00e1roli G\u00e1sp\u00e1r Reform\u00e1tus Egyetem Kremlinol\u00f3giai Int\u00e9zet<\/a><\/p>\n<!-- \/wp:paragraph -->\n\n<!-- wp:html -->\n<a href=\"http:\/\/moramuzeum.hu\/\"><div class=\"wp-block-image\"><figure class=\"aligncenter\"><img decoding=\"async\" src=\"http:\/\/www.emlekpont.hu\/uploadFiles\/135206\/muzeum_140x100.jpg\" alt=\"Csongr\u00e1d Megyei \u00d6nkorm\u00e1nyzat Megyei M\u00fazeuma\"><\/figure><\/div><\/a>\n<!-- \/wp:html -->\n\n<!-- wp:paragraph {\"align\":\"center\",\"className\":\"kep_link\"} -->\n<p class=\"has-text-align-center kep_link\"><a href=\"http:\/\/moramuzeum.hu\/\">Csongr\u00e1d Megyei \u00d6nkorm\u00e1nyzat Megyei M\u00fazeuma<\/a><\/p>\n<!-- \/wp:paragraph -->\n\n<!-- wp:html -->\n<div class=\"wp-block-image\"><a href=\"http:\/\/www.opusztaszer.hu\/\"><figure class=\"aligncenter\"><img decoding=\"async\" width=\"452\" height=\"158\" src=\"http:\/\/emlekpont.hu\/wp-content\/uploads\/2019\/10\/logo.png\" alt=\"\" class=\"wp-image-67\" srcset=\"https:\/\/emlekpont.hu\/wp-content\/uploads\/2019\/10\/logo.png 452w, https:\/\/emlekpont.hu\/wp-content\/uploads\/2019\/10\/logo-300x105.png 300w\" sizes=\"(max-width: 452px) 100vw, 452px\" \/><\/figure><\/a><\/div>\n<!-- \/wp:html -->\n\n<!-- wp:paragraph {\"align\":\"center\",\"className\":\"kep_link\"} -->\n<p class=\"has-text-align-center kep_link\"><a href=\"http:\/\/www.opusztaszer.hu\/\">\u00d3pusztaszeri Nemzeti T\u00f6rt\u00e9neti Eml\u00e9kpark<\/a><\/p>\n<!-- \/wp:paragraph -->\t\t\t\t\t\t<\/div>\n\t\t\t\t<\/div>\n\t\t\t\t\t<\/div>\n\t\t<\/div>\n\t\t\t\t\t<\/div>\n\t\t<\/section>\n\t\t\t\t<\/div>\n\t\t","protected":false},"excerpt":{"rendered":"<p>Egy\u00fcttm\u0171k\u00f6d\u0151 partnereink Szegedkurir T\u00f6rt\u00e9nelem klub K\u00e1roli G\u00e1sp\u00e1r Reform\u00e1tus Egyetem Kremlinol\u00f3giai Int\u00e9zet Csongr\u00e1d Megyei \u00d6nkorm\u00e1nyzat Megyei M\u00fazeuma \u00d3pusztaszeri Nemzeti T\u00f6rt\u00e9neti Eml\u00e9kpark<\/p>\n","protected":false},"author":5,"featured_media":0,"parent":987,"menu_order":0,"comment_status":"closed","ping_status":"closed","template":"elementor_header_footer","meta":{"footnotes":""},"_links":{"self":[{"href":"https:\/\/emlekpont.hu\/index.php?rest_route=\/wp\/v2\/pages\/50"}],"collection":[{"href":"https:\/\/emlekpont.hu\/index.php?rest_route=\/wp\/v2\/pages"}],"about":[{"href":"https:\/\/emlekpont.hu\/index.php?rest_route=\/wp\/v2\/types\/page"}],"author":[{"embeddable":true,"href":"https:\/\/emlekpont.hu\/index.php?rest_route=\/wp\/v2\/users\/5"}],"replies":[{"embeddable":true,"href":"https:\/\/emlekpont.hu\/index.php?rest_route=%2Fwp%2Fv2%2Fcomments&post=50"}],"version-history":[{"count":14,"href":"https:\/\/emlekpont.hu\/index.php?rest_route=\/wp\/v2\/pages\/50\/revisions"}],"predecessor-version":[{"id":1427,"href":"https:\/\/emlekpont.hu\/index.php?rest_route=\/wp\/v2\/pages\/50\/revisions\/1427"}],"up":[{"embeddable":true,"href":"https:\/\/emlekpont.hu\/index.php?rest_route=\/wp\/v2\/pages\/987"}],"wp:attachment":[{"href":"https:\/\/emlekpont.hu\/index.php?rest_route=%2Fwp%2Fv2%2Fmedia&parent=50"}],"curies":[{"name":"wp","href":"https:\/\/api.w.org\/{rel}","templated":true}]}}