{"id":387,"date":"2019-12-04T12:46:56","date_gmt":"2019-12-04T12:46:56","guid":{"rendered":"https:\/\/emlekpont.hu\/?page_id=387"},"modified":"2024-03-06T04:28:15","modified_gmt":"2024-03-06T04:28:15","slug":"home","status":"publish","type":"page","link":"https:\/\/emlekpont.hu\/","title":{"rendered":"Home"},"content":{"rendered":"\t\t<div data-elementor-type=\"wp-page\" data-elementor-id=\"387\" class=\"elementor elementor-387\" data-elementor-post-type=\"page\">\n\t\t\t\t\t\t<section class=\"elementor-section elementor-top-section elementor-element elementor-element-554a4e4 elementor-section-boxed elementor-section-height-default elementor-section-height-default\" data-id=\"554a4e4\" data-element_type=\"section\">\n\t\t\t\t\t\t<div class=\"elementor-container elementor-column-gap-default\">\n\t\t\t\t\t<div class=\"elementor-column elementor-col-100 elementor-top-column elementor-element elementor-element-e08f4fb\" data-id=\"e08f4fb\" data-element_type=\"column\">\n\t\t\t<div class=\"elementor-widget-wrap elementor-element-populated\">\n\t\t\t\t\t\t<div class=\"elementor-element elementor-element-b00a0e0 elementor-widget elementor-widget-spacer\" data-id=\"b00a0e0\" data-element_type=\"widget\" id=\"primary\" data-widget_type=\"spacer.default\">\n\t\t\t\t<div class=\"elementor-widget-container\">\n\t\t\t\t\t<div class=\"elementor-spacer\">\n\t\t\t<div class=\"elementor-spacer-inner\"><\/div>\n\t\t<\/div>\n\t\t\t\t<\/div>\n\t\t\t\t<\/div>\n\t\t\t\t\t<\/div>\n\t\t<\/div>\n\t\t\t\t\t<\/div>\n\t\t<\/section>\n\t\t\t\t<section class=\"elementor-section elementor-top-section elementor-element elementor-element-3c66a7a elementor-section-boxed elementor-section-height-default elementor-section-height-default\" data-id=\"3c66a7a\" data-element_type=\"section\">\n\t\t\t\t\t\t<div class=\"elementor-container elementor-column-gap-default\">\n\t\t\t\t\t<div class=\"elementor-column elementor-col-100 elementor-top-column elementor-element elementor-element-abc97a8\" data-id=\"abc97a8\" data-element_type=\"column\">\n\t\t\t<div class=\"elementor-widget-wrap elementor-element-populated\">\n\t\t\t\t\t\t<div class=\"elementor-element elementor-element-462cef8 elementor-widget elementor-widget-heading\" data-id=\"462cef8\" data-element_type=\"widget\" data-widget_type=\"heading.default\">\n\t\t\t\t<div class=\"elementor-widget-container\">\n\t\t\t<h2 class=\"elementor-heading-title elementor-size-default\">Vezet\u0151 H\u00edrek<\/h2>\t\t<\/div>\n\t\t\t\t<\/div>\n\t\t\t\t<div class=\"elementor-element elementor-element-7dc1d72 elementor-widget-divider--view-line elementor-widget elementor-widget-divider\" data-id=\"7dc1d72\" data-element_type=\"widget\" data-widget_type=\"divider.default\">\n\t\t\t\t<div class=\"elementor-widget-container\">\n\t\t\t\t\t<div class=\"elementor-divider\">\n\t\t\t<span class=\"elementor-divider-separator\">\n\t\t\t\t\t\t<\/span>\n\t\t<\/div>\n\t\t\t\t<\/div>\n\t\t\t\t<\/div>\n\t\t\t\t<div class=\"elementor-element elementor-element-5db0e00 elementor-widget elementor-widget-ucaddon_post_carousel\" data-id=\"5db0e00\" data-element_type=\"widget\" data-widget_type=\"ucaddon_post_carousel.default\">\n\t\t\t\t<div class=\"elementor-widget-container\">\n\t\t\t\n<!-- start Post Carousel -->\n\t\t<link id='owl-carousel-css' href='https:\/\/emlekpont.hu\/wp-content\/plugins\/unlimited-elements-for-elementor\/assets_libraries\/owl-carousel\/assets\/owl.carousel.css' type='text\/css' rel='stylesheet' >\n\n<style>\/* widget: Post Carousel *\/\n\n#uc_post_carousel_elementor_5db0e00 *{\n  box-sizing:border-box;\n  margin:0;\n}\n\n#uc_post_carousel_elementor_5db0e00{\n  position:relative;\n\n}\n\n#uc_post_carousel_elementor_5db0e00 .uc_post_title{\n  font-size:21px;\n  padding-bottom:10px;\n}\n\n#uc_post_carousel_elementor_5db0e00 .uc_image_carousel_content{\n  padding:20px;\n  background-color:#FFFFFF;\n}\n\n#uc_post_carousel_elementor_5db0e00 .owl-nav .owl-prev:before{\n    content: \"\u2190\";\n    border:1px solid lightgray;\n    padding:10px;\n    background-color:white;\n    float:left;\n    position:absolute;\n    left:0px;\n    top:50%;\n    transform: translateY(-50%);\n    -webkit-transform: translateY(-50%);\n}\n#uc_post_carousel_elementor_5db0e00 .owl-nav .owl-next:after{\n    content: \"\u2192\";\n    border:1px solid lightgray;\n    padding:10px;\n    background-color:white;\n    float:right;\n    position:absolute;\n    right:0px;\n    top:50%;\n    transform: translateY(-50%);\n    -webkit-transform: translateY(-50%);\n}\n\n#uc_post_carousel_elementor_5db0e00 .uc_image_carousel_container_holder{\n  border-width:0px;\n  border-color:#000000;\n  border-style:solid;\n  text-align:left;\n}\n\n#uc_post_carousel_elementor_5db0e00 .uc_more_btn{\n  background-color:#DC1921;\n  border-width:0px;\n  border-color:#000000;\n  border-style:solid;\n  padding:12px 30px;\n  color:#ffffff;\n    display:inline-block;\n  text-decoration:none;\n  margin-top:10px;\n  border-radius:0px;\n}\n\n#uc_post_carousel_elementor_5db0e00 .uc_more_btn:hover{\n  background-color:#1e1e1e;\n  border-color:#272727;\n  color:#ffffff !important;\n}\n\n.owl-carousel .owl-carousel .owl-item{padding: 0 0.2% 0;}\n\n\n#uc_post_carousel_elementor_5db0e00 .owl-dot {\n  background: #c4c4cc none repeat scroll 0 0;\n  border-radius: 50%;\n  box-sizing: border-box;\n  transform: scale(1);\n  transform-origin: 50% 50% 0;\n  transition: all 0.25s ease-out 0s;\n  width: 6px;\n  height:6px;\n  margin:4px 10px!important;\n  display:inline-block;\n}\n#uc_post_carousel_elementor_5db0e00 .owl-dot.active, #uc_post_carousel_elementor_5db0e00 .owl-dot:hover {\n  background: #333 none repeat scroll 0 0;\n  transform: scale(1);\n  transition: all 0.25s ease-out 0s;\n  height:14px;\n  width: 14px;\n  margin:0 6px!important;\n}\n\n#uc_post_carousel_elementor_5db0e00 .owl-dots{\n  text-align:center;\n  padding-top:14px;\n  display:block !important;\n  \n  position: absolute;\n  left: 50%;\n  bottom: -32px;\n  transform: translateX(-50%);\n}\n\n\n#uc_post_carousel_elementor_5db0e00 .uc_date{\n  color:gray;\n  padding-top:10px;\n  text-style:italic;\n}\n\n\n\n\n\n\n<\/style>\n\n<div class=\"uc_overlay_image_carousel\" id=\"uc_post_carousel_elementor_5db0e00\" style=\"direction:ltr;\">\n   <div class=\"uc_carousel owl-carousel owl-theme\">\n   \t\t<div class=\"uc_image_carousel_container_holder\">\n  <div class=\"uc_image_carousel_placeholder\">\n    <div style=\"background-image:url(https:\/\/emlekpont.hu\/wp-content\/uploads\/2019\/12\/szt2_kicsi_160.png); background-size:cover;background-position:center;height:300px;background-color:red;\"><\/div>\n  <\/div>\n\n  <div class=\"uc_image_carousel_content\" >\n    <div class=\"uc_post_title\">Szigor\u00faan Titkos<\/div>    <div class=\"uc_paragraph\" >Az SZT-tisztek kutat\u00e1si adatab\u00e1zisa<\/div>    <div class=\"uc_date\" style=\"color:#989898;\">28 April 2026<\/div>    <a class=\"uc_more_btn\"  href=\"https:\/\/emlekpont.hu\/?p=17509\">Tov\u00e1bb<\/a>  <\/div>\n<\/div>\n<div class=\"uc_image_carousel_container_holder\">\n  <div class=\"uc_image_carousel_placeholder\">\n    <div style=\"background-image:url(https:\/\/emlekpont.hu\/wp-content\/uploads\/2025\/05\/20250507_Varosi_Tortenelemverseny_eredmenyhirdetes-EP_02.jpg); background-size:cover;background-position:center;height:300px;background-color:red;\"><\/div>\n  <\/div>\n\n  <div class=\"uc_image_carousel_content\" >\n    <div class=\"uc_post_title\">V\u00e1rosi t\u00f6rtenelemverseny eredm\u00e9nyei<\/div>    <div class=\"uc_paragraph\" >A 2025. \u00e9vi v\u00e1rosi t\u00f6rt\u00e9nelemverseny eredm\u00e9nyhirdet\u00e9se.<\/div>    <div class=\"uc_date\" style=\"color:#989898;\">08 May 2025<\/div>    <a class=\"uc_more_btn\"  href=\"https:\/\/emlekpont.hu\/?p=17435\">Tov\u00e1bb<\/a>  <\/div>\n<\/div>\n<div class=\"uc_image_carousel_container_holder\">\n  <div class=\"uc_image_carousel_placeholder\">\n    <div style=\"background-image:url(https:\/\/emlekpont.hu\/wp-content\/uploads\/2024\/05\/20240503_Varosi_Tortenelemverseny-EP_02.jpg); background-size:cover;background-position:center;height:300px;background-color:red;\"><\/div>\n  <\/div>\n\n  <div class=\"uc_image_carousel_content\" >\n    <div class=\"uc_post_title\">V\u00e1rosi t\u00f6rt\u00e9nelemverseny az Eml\u00e9kpontban<\/div>    <div class=\"uc_paragraph\" >A 2025. \u00e9vi v\u00e1rosi t\u00f6rt\u00e9nelemverseny \u00e1prilis 30-\u00e1n 14 \u00f3rai kezdettel lesz az Eml\u00e9kpontban.<\/div>    <div class=\"uc_date\" style=\"color:#989898;\">23 April 2025<\/div>    <a class=\"uc_more_btn\"  href=\"https:\/\/emlekpont.hu\/?p=17428\">Tov\u00e1bb<\/a>  <\/div>\n<\/div>\n<div class=\"uc_image_carousel_container_holder\">\n  <div class=\"uc_image_carousel_placeholder\">\n    <div style=\"background-image:url(https:\/\/emlekpont.hu\/wp-content\/uploads\/2025\/04\/MT1944-gyermekaldozatok.jpg); background-size:cover;background-position:center;height:300px;background-color:red;\"><\/div>\n  <\/div>\n\n  <div class=\"uc_image_carousel_content\" >\n    <div class=\"uc_post_title\">A holokauszt magyarorsz\u00e1gi \u00e1ldozataira eml\u00e9kez\u00fcnk<\/div>    <div class=\"uc_paragraph\" >\u00c1prilis 16-\u00e1n a holokauszt magyarorsz\u00e1gi \u00e1ldozataira eml\u00e9kez\u00fcnk .<\/div>    <div class=\"uc_date\" style=\"color:#989898;\">16 April 2025<\/div>    <a class=\"uc_more_btn\"  href=\"https:\/\/emlekpont.hu\/?p=17424\">Tov\u00e1bb<\/a>  <\/div>\n<\/div>\n<div class=\"uc_image_carousel_container_holder\">\n  <div class=\"uc_image_carousel_placeholder\">\n    <div style=\"background-image:url(https:\/\/emlekpont.hu\/wp-content\/uploads\/2025\/02\/ep-0100-scaled.jpg); background-size:cover;background-position:center;height:300px;background-color:red;\"><\/div>\n  <\/div>\n\n  <div class=\"uc_image_carousel_content\" >\n    <div class=\"uc_post_title\">Eml\u00e9kezz\u00fcnk a kommunizmus \u00e1ldozataira!<\/div>    <div class=\"uc_paragraph\" >Imm\u00e1r negyedsz\u00e1zada minden \u00e9v febru\u00e1r 25-\u00e9n a kommunizmus \u00e1ldozataira eml\u00e9kez\u00fcnk orsz\u00e1gszerte, a jogellenesen...<\/div>    <div class=\"uc_date\" style=\"color:#989898;\">25 February 2025<\/div>    <a class=\"uc_more_btn\"  href=\"https:\/\/emlekpont.hu\/?p=17408\">Tov\u00e1bb<\/a>  <\/div>\n<\/div>\n<div class=\"uc_image_carousel_container_holder\">\n  <div class=\"uc_image_carousel_placeholder\">\n    <div style=\"background-image:url(https:\/\/emlekpont.hu\/wp-content\/uploads\/2024\/10\/ostqf6ls.bmp); background-size:cover;background-position:center;height:300px;background-color:red;\"><\/div>\n  <\/div>\n\n  <div class=\"uc_image_carousel_content\" >\n    <div class=\"uc_post_title\">A Czirbusz Piroska K\u00f6zalap\u00edtv\u00e1ny 2024. \u00e9vi p\u00e1ly\u00e1zati felh\u00edv\u00e1sa<\/div>    <div class=\"uc_paragraph\" >Beny\u00fajt\u00e1si hat\u00e1rid\u0151: 2024. okt\u00f3ber 31.<\/div>    <div class=\"uc_date\" style=\"color:#989898;\">03 October 2024<\/div>    <a class=\"uc_more_btn\"  href=\"https:\/\/emlekpont.hu\/?p=17397\">Tov\u00e1bb<\/a>  <\/div>\n<\/div>\n<div class=\"uc_image_carousel_container_holder\">\n  <div class=\"uc_image_carousel_placeholder\">\n    <div style=\"background-image:url(https:\/\/emlekpont.hu\/wp-content\/uploads\/2024\/05\/20240509_Varosi_Tortenelemverseny_eredmenyhirdetes_Emlekpont_03-scaled.jpg); background-size:cover;background-position:center;height:300px;background-color:red;\"><\/div>\n  <\/div>\n\n  <div class=\"uc_image_carousel_content\" >\n    <div class=\"uc_post_title\">V\u00e1rosi t\u00f6rt\u00e9nelemverseny 2024 - EREDM\u00c9NYEK<\/div>    <div class=\"uc_paragraph\" >M\u00e1jus 9-\u00e9n, cs\u00fct\u00f6rt\u00f6k d\u00e9lut\u00e1n ker\u00fclt sor a h\u00f3dmez\u0151v\u00e1s\u00e1rhelyi \u00e1ltal\u00e1nos iskol\u00e1sok v\u00e1rosi t\u00f6rt\u00e9nelemverseny\u00e9nek...<\/div>    <div class=\"uc_date\" style=\"color:#989898;\">10 May 2024<\/div>    <a class=\"uc_more_btn\"  href=\"https:\/\/emlekpont.hu\/?p=8056\">Tov\u00e1bb<\/a>  <\/div>\n<\/div>\n\n   <\/div>\t\n<\/div>\n<!-- end Post Carousel -->\t\t<\/div>\n\t\t\t\t<\/div>\n\t\t\t\t<div class=\"elementor-element elementor-element-8d73983 elementor-widget elementor-widget-spacer\" data-id=\"8d73983\" data-element_type=\"widget\" data-widget_type=\"spacer.default\">\n\t\t\t\t<div class=\"elementor-widget-container\">\n\t\t\t\t\t<div class=\"elementor-spacer\">\n\t\t\t<div class=\"elementor-spacer-inner\"><\/div>\n\t\t<\/div>\n\t\t\t\t<\/div>\n\t\t\t\t<\/div>\n\t\t\t\t<div class=\"elementor-element elementor-element-4eeea7c elementor-widget elementor-widget-spacer\" data-id=\"4eeea7c\" data-element_type=\"widget\" data-widget_type=\"spacer.default\">\n\t\t\t\t<div class=\"elementor-widget-container\">\n\t\t\t\t\t<div class=\"elementor-spacer\">\n\t\t\t<div class=\"elementor-spacer-inner\"><\/div>\n\t\t<\/div>\n\t\t\t\t<\/div>\n\t\t\t\t<\/div>\n\t\t\t\t\t<\/div>\n\t\t<\/div>\n\t\t\t\t\t<\/div>\n\t\t<\/section>\n\t\t\t\t<section class=\"elementor-section elementor-top-section elementor-element elementor-element-d051857 elementor-section-boxed elementor-section-height-default elementor-section-height-default\" data-id=\"d051857\" data-element_type=\"section\">\n\t\t\t\t\t\t<div class=\"elementor-container elementor-column-gap-default\">\n\t\t\t\t\t<div class=\"elementor-column elementor-col-100 elementor-top-column elementor-element elementor-element-c49d28b\" data-id=\"c49d28b\" data-element_type=\"column\">\n\t\t\t<div class=\"elementor-widget-wrap\">\n\t\t\t\t\t\t\t<\/div>\n\t\t<\/div>\n\t\t\t\t\t<\/div>\n\t\t<\/section>\n\t\t\t\t<section class=\"elementor-section elementor-top-section elementor-element elementor-element-a6454ab elementor-section-boxed elementor-section-height-default elementor-section-height-default\" data-id=\"a6454ab\" data-element_type=\"section\">\n\t\t\t\t\t\t<div class=\"elementor-container elementor-column-gap-default\">\n\t\t\t\t\t<div class=\"elementor-column elementor-col-100 elementor-top-column elementor-element elementor-element-bba51be\" data-id=\"bba51be\" data-element_type=\"column\">\n\t\t\t<div class=\"elementor-widget-wrap elementor-element-populated\">\n\t\t\t\t\t\t<div class=\"elementor-element elementor-element-a521ac2 elementor-widget elementor-widget-heading\" data-id=\"a521ac2\" data-element_type=\"widget\" data-widget_type=\"heading.default\">\n\t\t\t\t<div class=\"elementor-widget-container\">\n\t\t\t<h2 class=\"elementor-heading-title elementor-size-default\">Vide\u00f3anyagaink<\/h2>\t\t<\/div>\n\t\t\t\t<\/div>\n\t\t\t\t<div class=\"elementor-element elementor-element-5910958 elementor-widget-divider--view-line elementor-widget elementor-widget-divider\" data-id=\"5910958\" data-element_type=\"widget\" data-widget_type=\"divider.default\">\n\t\t\t\t<div class=\"elementor-widget-container\">\n\t\t\t\t\t<div class=\"elementor-divider\">\n\t\t\t<span class=\"elementor-divider-separator\">\n\t\t\t\t\t\t<\/span>\n\t\t<\/div>\n\t\t\t\t<\/div>\n\t\t\t\t<\/div>\n\t\t\t\t\t<\/div>\n\t\t<\/div>\n\t\t\t\t\t<\/div>\n\t\t<\/section>\n\t\t\t\t<section class=\"elementor-section elementor-top-section elementor-element elementor-element-eda2365 elementor-section-boxed elementor-section-height-default elementor-section-height-default\" data-id=\"eda2365\" data-element_type=\"section\">\n\t\t\t\t\t\t<div class=\"elementor-container elementor-column-gap-default\">\n\t\t\t\t\t<div class=\"elementor-column elementor-col-33 elementor-top-column elementor-element elementor-element-ead21cf\" data-id=\"ead21cf\" data-element_type=\"column\">\n\t\t\t<div class=\"elementor-widget-wrap elementor-element-populated\">\n\t\t\t\t\t\t<div class=\"elementor-element elementor-element-e543114 elementor-widget elementor-widget-video\" data-id=\"e543114\" data-element_type=\"widget\" data-settings=\"{&quot;youtube_url&quot;:&quot;https:\\\/\\\/youtu.be\\\/hX6RryKCwlM&quot;,&quot;video_type&quot;:&quot;youtube&quot;,&quot;controls&quot;:&quot;yes&quot;}\" data-widget_type=\"video.default\">\n\t\t\t\t<div class=\"elementor-widget-container\">\n\t\t\t\t\t<div class=\"elementor-wrapper elementor-open-inline\">\n\t\t\t<div class=\"elementor-video\"><\/div>\t\t<\/div>\n\t\t\t\t<\/div>\n\t\t\t\t<\/div>\n\t\t\t\t\t<\/div>\n\t\t<\/div>\n\t\t\t\t<div class=\"elementor-column elementor-col-33 elementor-top-column elementor-element elementor-element-03631c0\" data-id=\"03631c0\" data-element_type=\"column\">\n\t\t\t<div class=\"elementor-widget-wrap elementor-element-populated\">\n\t\t\t\t\t\t<div class=\"elementor-element elementor-element-68700c6 elementor-widget elementor-widget-video\" data-id=\"68700c6\" data-element_type=\"widget\" data-settings=\"{&quot;youtube_url&quot;:&quot;https:\\\/\\\/youtu.be\\\/rzbxeq2A3eQ&quot;,&quot;video_type&quot;:&quot;youtube&quot;,&quot;controls&quot;:&quot;yes&quot;}\" data-widget_type=\"video.default\">\n\t\t\t\t<div class=\"elementor-widget-container\">\n\t\t\t\t\t<div class=\"elementor-wrapper elementor-open-inline\">\n\t\t\t<div class=\"elementor-video\"><\/div>\t\t<\/div>\n\t\t\t\t<\/div>\n\t\t\t\t<\/div>\n\t\t\t\t\t<\/div>\n\t\t<\/div>\n\t\t\t\t<div class=\"elementor-column elementor-col-33 elementor-top-column elementor-element elementor-element-e0ba621\" data-id=\"e0ba621\" data-element_type=\"column\">\n\t\t\t<div class=\"elementor-widget-wrap elementor-element-populated\">\n\t\t\t\t\t\t<div class=\"elementor-element elementor-element-2af2c06 elementor-widget elementor-widget-video\" data-id=\"2af2c06\" data-element_type=\"widget\" data-settings=\"{&quot;youtube_url&quot;:&quot;https:\\\/\\\/youtu.be\\\/NLUA_g2gXSQ&quot;,&quot;video_type&quot;:&quot;youtube&quot;,&quot;controls&quot;:&quot;yes&quot;}\" data-widget_type=\"video.default\">\n\t\t\t\t<div class=\"elementor-widget-container\">\n\t\t\t\t\t<div class=\"elementor-wrapper elementor-open-inline\">\n\t\t\t<div class=\"elementor-video\"><\/div>\t\t<\/div>\n\t\t\t\t<\/div>\n\t\t\t\t<\/div>\n\t\t\t\t\t<\/div>\n\t\t<\/div>\n\t\t\t\t\t<\/div>\n\t\t<\/section>\n\t\t\t\t<section class=\"elementor-section elementor-top-section elementor-element elementor-element-cfe5231 elementor-section-boxed elementor-section-height-default elementor-section-height-default\" data-id=\"cfe5231\" data-element_type=\"section\">\n\t\t\t\t\t\t<div class=\"elementor-container elementor-column-gap-default\">\n\t\t\t\t\t<div class=\"elementor-column elementor-col-100 elementor-top-column elementor-element elementor-element-49bbc15\" data-id=\"49bbc15\" data-element_type=\"column\">\n\t\t\t<div class=\"elementor-widget-wrap\">\n\t\t\t\t\t\t\t<\/div>\n\t\t<\/div>\n\t\t\t\t\t<\/div>\n\t\t<\/section>\n\t\t\t\t<section class=\"elementor-section elementor-top-section elementor-element elementor-element-53b1779 elementor-section-boxed elementor-section-height-default elementor-section-height-default\" data-id=\"53b1779\" data-element_type=\"section\">\n\t\t\t\t\t\t<div class=\"elementor-container elementor-column-gap-default\">\n\t\t\t\t\t<div class=\"elementor-column elementor-col-100 elementor-top-column elementor-element elementor-element-f0706a0\" data-id=\"f0706a0\" data-element_type=\"column\">\n\t\t\t<div class=\"elementor-widget-wrap elementor-element-populated\">\n\t\t\t\t\t\t<div class=\"elementor-element elementor-element-a399a79 elementor-arrows-position-inside elementor-pagination-position-outside elementor-widget elementor-widget-image-carousel\" data-id=\"a399a79\" data-element_type=\"widget\" data-settings=\"{&quot;slides_to_show&quot;:&quot;3&quot;,&quot;navigation&quot;:&quot;both&quot;,&quot;autoplay&quot;:&quot;yes&quot;,&quot;pause_on_hover&quot;:&quot;yes&quot;,&quot;pause_on_interaction&quot;:&quot;yes&quot;,&quot;autoplay_speed&quot;:5000,&quot;infinite&quot;:&quot;yes&quot;,&quot;speed&quot;:500}\" data-widget_type=\"image-carousel.default\">\n\t\t\t\t<div class=\"elementor-widget-container\">\n\t\t\t\t\t<div class=\"elementor-image-carousel-wrapper swiper\" dir=\"ltr\">\n\t\t\t<div class=\"elementor-image-carousel swiper-wrapper\" aria-live=\"off\">\n\t\t\t\t\t\t\t\t<div class=\"swiper-slide\" role=\"group\" aria-roledescription=\"slide\" aria-label=\"1 \/ 6\"><figure class=\"swiper-slide-inner\"><img decoding=\"async\" class=\"swiper-slide-image\" src=\"https:\/\/emlekpont.hu\/wp-content\/uploads\/2019\/12\/429238_393347760679701_2006560903_n-150x150.jpg\" alt=\"429238_393347760679701_2006560903_n\" \/><\/figure><\/div><div class=\"swiper-slide\" role=\"group\" aria-roledescription=\"slide\" aria-label=\"2 \/ 6\"><figure class=\"swiper-slide-inner\"><img decoding=\"async\" class=\"swiper-slide-image\" src=\"https:\/\/emlekpont.hu\/wp-content\/uploads\/2019\/12\/3per3tanulmany-150x100.jpg\" alt=\"3per3tanulmany\" \/><\/figure><\/div><div class=\"swiper-slide\" role=\"group\" aria-roledescription=\"slide\" aria-label=\"3 \/ 6\"><figure class=\"swiper-slide-inner\"><img decoding=\"async\" class=\"swiper-slide-image\" src=\"https:\/\/emlekpont.hu\/wp-content\/uploads\/2019\/12\/parhuzamos_kemhistoriak-150x150.jpg\" alt=\"parhuzamos_kemhistoriak\" \/><\/figure><\/div><div class=\"swiper-slide\" role=\"group\" aria-roledescription=\"slide\" aria-label=\"4 \/ 6\"><figure class=\"swiper-slide-inner\"><img decoding=\"async\" class=\"swiper-slide-image\" src=\"https:\/\/emlekpont.hu\/wp-content\/uploads\/2019\/12\/szt2_kicsi_160-150x138.png\" alt=\"szt2_kicsi_160\" \/><\/figure><\/div><div class=\"swiper-slide\" role=\"group\" aria-roledescription=\"slide\" aria-label=\"5 \/ 6\"><figure class=\"swiper-slide-inner\"><img decoding=\"async\" class=\"swiper-slide-image\" src=\"https:\/\/emlekpont.hu\/wp-content\/uploads\/2019\/12\/R7_hosszu_promi-150x105.jpg\" alt=\"R7_hosszu_promi\" \/><\/figure><\/div><div class=\"swiper-slide\" role=\"group\" aria-roledescription=\"slide\" aria-label=\"6 \/ 6\"><figure class=\"swiper-slide-inner\"><img decoding=\"async\" class=\"swiper-slide-image\" src=\"https:\/\/emlekpont.hu\/wp-content\/uploads\/2019\/12\/munkasorseg-150x136.jpg\" alt=\"munkasorseg\" \/><\/figure><\/div>\t\t\t<\/div>\n\t\t\t\t\t\t\t\t\t\t\t\t<div class=\"elementor-swiper-button elementor-swiper-button-prev\" role=\"button\" tabindex=\"0\">\n\t\t\t\t\t\t<i aria-hidden=\"true\" class=\"eicon-chevron-left\"><\/i>\t\t\t\t\t<\/div>\n\t\t\t\t\t<div class=\"elementor-swiper-button elementor-swiper-button-next\" role=\"button\" tabindex=\"0\">\n\t\t\t\t\t\t<i aria-hidden=\"true\" class=\"eicon-chevron-right\"><\/i>\t\t\t\t\t<\/div>\n\t\t\t\t\n\t\t\t\t\t\t\t\t\t<div class=\"swiper-pagination\"><\/div>\n\t\t\t\t\t\t\t\t\t<\/div>\n\t\t\t\t<\/div>\n\t\t\t\t<\/div>\n\t\t\t\t\t<\/div>\n\t\t<\/div>\n\t\t\t\t\t<\/div>\n\t\t<\/section>\n\t\t\t\t<section class=\"elementor-section elementor-top-section elementor-element elementor-element-dc83590 elementor-section-boxed elementor-section-height-default elementor-section-height-default\" data-id=\"dc83590\" data-element_type=\"section\" data-settings=\"{&quot;background_background&quot;:&quot;classic&quot;}\">\n\t\t\t\t\t\t<div class=\"elementor-container elementor-column-gap-default\">\n\t\t\t\t\t<div class=\"elementor-column elementor-col-100 elementor-top-column elementor-element elementor-element-4c9b482\" data-id=\"4c9b482\" data-element_type=\"column\">\n\t\t\t<div class=\"elementor-widget-wrap elementor-element-populated\">\n\t\t\t\t\t\t<div class=\"elementor-element elementor-element-6342c49 elementor-shape-circle elementor-grid-0 e-grid-align-center elementor-widget elementor-widget-social-icons\" data-id=\"6342c49\" data-element_type=\"widget\" data-widget_type=\"social-icons.default\">\n\t\t\t\t<div class=\"elementor-widget-container\">\n\t\t\t\t\t<div class=\"elementor-social-icons-wrapper elementor-grid\">\n\t\t\t\t\t\t\t<span class=\"elementor-grid-item\">\n\t\t\t\t\t<a class=\"elementor-icon elementor-social-icon elementor-social-icon-facebook-f elementor-repeater-item-9302d77\" href=\"https:\/\/www.facebook.com\/Emlekpont\/\" target=\"_blank\">\n\t\t\t\t\t\t<span class=\"elementor-screen-only\">Facebook-f<\/span>\n\t\t\t\t\t\t<i class=\"fab fa-facebook-f\"><\/i>\t\t\t\t\t<\/a>\n\t\t\t\t<\/span>\n\t\t\t\t\t\t\t<span class=\"elementor-grid-item\">\n\t\t\t\t\t<a class=\"elementor-icon elementor-social-icon elementor-social-icon-youtube elementor-repeater-item-eb3c53e\" href=\"https:\/\/www.youtube.com\/channel\/UC8lUzPgJKhqv2nkkDA-FeBQ\" target=\"_blank\">\n\t\t\t\t\t\t<span class=\"elementor-screen-only\">Youtube<\/span>\n\t\t\t\t\t\t<i class=\"fab fa-youtube\"><\/i>\t\t\t\t\t<\/a>\n\t\t\t\t<\/span>\n\t\t\t\t\t<\/div>\n\t\t\t\t<\/div>\n\t\t\t\t<\/div>\n\t\t\t\t\t<\/div>\n\t\t<\/div>\n\t\t\t\t\t<\/div>\n\t\t<\/section>\n\t\t\t\t<\/div>\n\t\t","protected":false},"excerpt":{"rendered":"<p>Vezet\u0151 H\u00edrek Megjelent az Eml\u00e9kpont K\u00f6nyvek 19. k\u00f6tete Az Eml\u00e9kpont K\u00f6nyvek 19. k\u00f6tet\u00e9nek bemutat\u00f3ja febru\u00e1r 26-\u00e1n, h\u00e9tf\u0151n 17 \u00f3rai kezdettel lesz az Eml\u00e9kpontban. 07 February 2024 Tov\u00e1bb Rendszerv\u00e1lt\u00f3 portr\u00e9sorozat indul az Eml\u00e9kpontban Besz\u00e9lget\u00e9s az els\u0151 k\u00e9pvisel\u0151test\u00fclet tagjaival 05 March 2024 Tov\u00e1bb K\u00f6nyvbemutat\u00f3 Tak\u00e1cs Ferenc \u00e9let\u00fatj\u00e1r\u00f3l az Eml\u00e9kpontban Tak\u00e1cs Ferenc (1893-1956) szoci\u00e1ldemokrata politikus \u00e9let\u00fatj\u00e1t \u00e9s politikai [&hellip;]<\/p>\n","protected":false},"author":5,"featured_media":0,"parent":0,"menu_order":0,"comment_status":"closed","ping_status":"closed","template":"page-templates\/page_front-page.php","meta":{"footnotes":""},"_links":{"self":[{"href":"https:\/\/emlekpont.hu\/index.php?rest_route=\/wp\/v2\/pages\/387"}],"collection":[{"href":"https:\/\/emlekpont.hu\/index.php?rest_route=\/wp\/v2\/pages"}],"about":[{"href":"https:\/\/emlekpont.hu\/index.php?rest_route=\/wp\/v2\/types\/page"}],"author":[{"embeddable":true,"href":"https:\/\/emlekpont.hu\/index.php?rest_route=\/wp\/v2\/users\/5"}],"replies":[{"embeddable":true,"href":"https:\/\/emlekpont.hu\/index.php?rest_route=%2Fwp%2Fv2%2Fcomments&post=387"}],"version-history":[{"count":137,"href":"https:\/\/emlekpont.hu\/index.php?rest_route=\/wp\/v2\/pages\/387\/revisions"}],"predecessor-version":[{"id":7913,"href":"https:\/\/emlekpont.hu\/index.php?rest_route=\/wp\/v2\/pages\/387\/revisions\/7913"}],"wp:attachment":[{"href":"https:\/\/emlekpont.hu\/index.php?rest_route=%2Fwp%2Fv2%2Fmedia&parent=387"}],"curies":[{"name":"wp","href":"https:\/\/api.w.org\/{rel}","templated":true}]}}