{"id":1000,"date":"2019-12-14T17:51:42","date_gmt":"2019-12-14T17:51:42","guid":{"rendered":"https:\/\/emlekpont.hu\/?page_id=1000"},"modified":"2020-02-05T11:46:07","modified_gmt":"2020-02-05T11:46:07","slug":"az-epulet-tortenete","status":"publish","type":"page","link":"https:\/\/emlekpont.hu\/?page_id=1000","title":{"rendered":"Az \u00e9p\u00fclet t\u00f6rt\u00e9nete"},"content":{"rendered":"\t\t<div data-elementor-type=\"wp-page\" data-elementor-id=\"1000\" class=\"elementor elementor-1000\" data-elementor-post-type=\"page\">\n\t\t\t\t\t\t<section class=\"elementor-section elementor-top-section elementor-element elementor-element-e404e5e elementor-section-boxed elementor-section-height-default elementor-section-height-default\" data-id=\"e404e5e\" data-element_type=\"section\">\n\t\t\t\t\t\t<div class=\"elementor-container elementor-column-gap-default\">\n\t\t\t\t\t<div class=\"elementor-column elementor-col-100 elementor-top-column elementor-element elementor-element-ce11b12\" data-id=\"ce11b12\" data-element_type=\"column\">\n\t\t\t<div class=\"elementor-widget-wrap elementor-element-populated\">\n\t\t\t\t\t\t<div class=\"elementor-element elementor-element-c69293d elementor-widget elementor-widget-heading\" data-id=\"c69293d\" data-element_type=\"widget\" data-widget_type=\"heading.default\">\n\t\t\t\t<div class=\"elementor-widget-container\">\n\t\t\t<h2 class=\"elementor-heading-title elementor-size-default\">Az \u00e9p\u00fclet t\u00f6rt\u00e9nete<\/h2>\t\t<\/div>\n\t\t\t\t<\/div>\n\t\t\t\t\t<\/div>\n\t\t<\/div>\n\t\t\t\t\t<\/div>\n\t\t<\/section>\n\t\t\t\t<section class=\"elementor-section elementor-top-section elementor-element elementor-element-e838a1c elementor-section-boxed elementor-section-height-default elementor-section-height-default\" data-id=\"e838a1c\" data-element_type=\"section\">\n\t\t\t\t\t\t<div class=\"elementor-container elementor-column-gap-default\">\n\t\t\t\t\t<div class=\"elementor-column elementor-col-100 elementor-top-column elementor-element elementor-element-d6a239f\" data-id=\"d6a239f\" data-element_type=\"column\">\n\t\t\t<div class=\"elementor-widget-wrap elementor-element-populated\">\n\t\t\t\t\t\t<div class=\"elementor-element elementor-element-d59b49d elementor-widget-divider--view-line elementor-widget elementor-widget-divider\" data-id=\"d59b49d\" data-element_type=\"widget\" data-widget_type=\"divider.default\">\n\t\t\t\t<div class=\"elementor-widget-container\">\n\t\t\t\t\t<div class=\"elementor-divider\">\n\t\t\t<span class=\"elementor-divider-separator\">\n\t\t\t\t\t\t<\/span>\n\t\t<\/div>\n\t\t\t\t<\/div>\n\t\t\t\t<\/div>\n\t\t\t\t\t<\/div>\n\t\t<\/div>\n\t\t\t\t\t<\/div>\n\t\t<\/section>\n\t\t\t\t<section class=\"elementor-section elementor-top-section elementor-element elementor-element-7a24e14 elementor-section-boxed elementor-section-height-default elementor-section-height-default\" data-id=\"7a24e14\" data-element_type=\"section\">\n\t\t\t\t\t\t<div class=\"elementor-container elementor-column-gap-default\">\n\t\t\t\t\t<div class=\"elementor-column elementor-col-100 elementor-top-column elementor-element elementor-element-5f18ded\" data-id=\"5f18ded\" data-element_type=\"column\">\n\t\t\t<div class=\"elementor-widget-wrap elementor-element-populated\">\n\t\t\t\t\t\t<div class=\"elementor-element elementor-element-b9c14b3 elementor-widget elementor-widget-text-editor\" data-id=\"b9c14b3\" data-element_type=\"widget\" data-widget_type=\"text-editor.default\">\n\t\t\t\t<div class=\"elementor-widget-container\">\n\t\t\t\t\t\t\t<p>Az \u00e9p\u00fclet \u00e9p\u00edttet\u0151je \u00e9s tulajdonosa ifj. Hajd\u00fa B\u00e1lint volt. Az Andr\u00e1ssy \u00fati emeletes \u00e9p\u00fcletet 1924-ben \u00e9p\u00edttett\u00e9k. A 140 \u00f6l nagys\u00e1g\u00fa 5179 sz. beltelket 1923. okt\u00f3ber 22-\u00e9n v\u00e1s\u00e1rolta meg fele-fele r\u00e9szben feles\u00e9g\u00e9vel, Majsay Juliann\u00e1val. Az emeletes \u00e9p\u00fcletben 12 szoba volt, a f\u00f6ldszinten pedig \u00fczletek voltak.<\/p>\t\t\t\t\t\t<\/div>\n\t\t\t\t<\/div>\n\t\t\t\t\t<\/div>\n\t\t<\/div>\n\t\t\t\t\t<\/div>\n\t\t<\/section>\n\t\t\t\t<section class=\"elementor-section elementor-top-section elementor-element elementor-element-b2edd6a elementor-section-boxed elementor-section-height-default elementor-section-height-default\" data-id=\"b2edd6a\" data-element_type=\"section\">\n\t\t\t\t\t\t<div class=\"elementor-container elementor-column-gap-default\">\n\t\t\t\t\t<div class=\"elementor-column elementor-col-100 elementor-top-column elementor-element elementor-element-099c3e0\" data-id=\"099c3e0\" data-element_type=\"column\">\n\t\t\t<div class=\"elementor-widget-wrap elementor-element-populated\">\n\t\t\t\t\t\t<div class=\"elementor-element elementor-element-3611a11 elementor-position-top elementor-widget elementor-widget-image-box\" data-id=\"3611a11\" data-element_type=\"widget\" data-widget_type=\"image-box.default\">\n\t\t\t\t<div class=\"elementor-widget-container\">\n\t\t\t<div class=\"elementor-image-box-wrapper\"><figure class=\"elementor-image-box-img\"><img fetchpriority=\"high\" decoding=\"async\" width=\"300\" height=\"202\" src=\"https:\/\/emlekpont.hu\/wp-content\/uploads\/2019\/12\/Hajdu_haz.jpg\" class=\"attachment-full size-full wp-image-1005\" alt=\"\" srcset=\"https:\/\/emlekpont.hu\/wp-content\/uploads\/2019\/12\/Hajdu_haz.jpg 300w, https:\/\/emlekpont.hu\/wp-content\/uploads\/2019\/12\/Hajdu_haz-230x155.jpg 230w\" sizes=\"(max-width: 300px) 100vw, 300px\" \/><\/figure><div class=\"elementor-image-box-content\"><h4 class=\"elementor-image-box-title\">A Hajd\u00fa-h\u00e1z az Andr\u00e1ssy utc\u00e1n az 1930-as \u00e9vekben.<\/h4><\/div><\/div>\t\t<\/div>\n\t\t\t\t<\/div>\n\t\t\t\t\t<\/div>\n\t\t<\/div>\n\t\t\t\t\t<\/div>\n\t\t<\/section>\n\t\t\t\t<section class=\"elementor-section elementor-top-section elementor-element elementor-element-846a14f elementor-section-boxed elementor-section-height-default elementor-section-height-default\" data-id=\"846a14f\" data-element_type=\"section\">\n\t\t\t\t\t\t<div class=\"elementor-container elementor-column-gap-default\">\n\t\t\t\t\t<div class=\"elementor-column elementor-col-100 elementor-top-column elementor-element elementor-element-a607350\" data-id=\"a607350\" data-element_type=\"column\">\n\t\t\t<div class=\"elementor-widget-wrap elementor-element-populated\">\n\t\t\t\t\t\t<div class=\"elementor-element elementor-element-943ec56 elementor-widget elementor-widget-text-editor\" data-id=\"943ec56\" data-element_type=\"widget\" data-widget_type=\"text-editor.default\">\n\t\t\t\t<div class=\"elementor-widget-container\">\n\t\t\t\t\t\t\t<p>A Szt\u00e1lin u. 34. sz\u00e1m alatti lak\u00f3h\u00e1zat az 1952.\/4.sz. tvr. alapj\u00e1n \u00e1llamos\u00edtott\u00e1k. 1952-t\u0151l az \u00c1llami Gazdas\u00e1gok Orsz\u00e1gos Tr\u00f6sztje b\u00e9relte 1963-ig, majd egy \u00e9vig a H\u00f3dmez\u0151v\u00e1s\u00e1rhelyi V\u00e1rosi Tan\u00e1cs m\u0171vel\u0151d\u00e9si oszt\u00e1ly\u00e1nak kezel\u00e9s\u00e9be ker\u00fclt. 1964-t\u0151l a H\u00f3dmez\u0151v\u00e1s\u00e1rhelyi V\u00e1rosi Tan\u00e1cs VB. eln\u00f6k\u00e9nek 593-5\/1964.sz. hat\u00e1rozat\u00e1val az ingatlan kezel\u0151je a Csongr\u00e1d Megyei Tan\u00e1cs VB. kereskedelmi oszt\u00e1lya lett, eg\u00e9szen 1974-ig. Ki\u00fcr\u00edt\u00e9s\u00e9ig iskolak\u00e9nt, oktat\u00e1si c\u00e9lokra haszn\u00e1lt\u00e1k.<\/p>\t\t\t\t\t\t<\/div>\n\t\t\t\t<\/div>\n\t\t\t\t\t<\/div>\n\t\t<\/div>\n\t\t\t\t\t<\/div>\n\t\t<\/section>\n\t\t\t\t<section class=\"elementor-section elementor-top-section elementor-element elementor-element-d79f67c elementor-section-boxed elementor-section-height-default elementor-section-height-default\" data-id=\"d79f67c\" data-element_type=\"section\">\n\t\t\t\t\t\t<div class=\"elementor-container elementor-column-gap-default\">\n\t\t\t\t\t<div class=\"elementor-column elementor-col-100 elementor-top-column elementor-element elementor-element-48ae441\" data-id=\"48ae441\" data-element_type=\"column\">\n\t\t\t<div class=\"elementor-widget-wrap elementor-element-populated\">\n\t\t\t\t\t\t<div class=\"elementor-element elementor-element-ed81f8e elementor-position-top elementor-widget elementor-widget-image-box\" data-id=\"ed81f8e\" data-element_type=\"widget\" data-widget_type=\"image-box.default\">\n\t\t\t\t<div class=\"elementor-widget-container\">\n\t\t\t<div class=\"elementor-image-box-wrapper\"><figure class=\"elementor-image-box-img\"><img decoding=\"async\" width=\"300\" height=\"199\" src=\"https:\/\/emlekpont.hu\/wp-content\/uploads\/2019\/12\/Sztalin_u_1960.jpg\" class=\"attachment-full size-full wp-image-1006\" alt=\"\" srcset=\"https:\/\/emlekpont.hu\/wp-content\/uploads\/2019\/12\/Sztalin_u_1960.jpg 300w, https:\/\/emlekpont.hu\/wp-content\/uploads\/2019\/12\/Sztalin_u_1960-230x153.jpg 230w\" sizes=\"(max-width: 300px) 100vw, 300px\" \/><\/figure><div class=\"elementor-image-box-content\"><h4 class=\"elementor-image-box-title\">A Szt\u00e1lin utca 1960-ban, a sarkon az Eml\u00e9kpont \u00e9p\u00fclete.<\/h4><\/div><\/div>\t\t<\/div>\n\t\t\t\t<\/div>\n\t\t\t\t\t<\/div>\n\t\t<\/div>\n\t\t\t\t\t<\/div>\n\t\t<\/section>\n\t\t\t\t<\/div>\n\t\t","protected":false},"excerpt":{"rendered":"<p>Az \u00e9p\u00fclet t\u00f6rt\u00e9nete Az \u00e9p\u00fclet \u00e9p\u00edttet\u0151je \u00e9s tulajdonosa ifj. Hajd\u00fa B\u00e1lint volt. Az Andr\u00e1ssy \u00fati emeletes \u00e9p\u00fcletet 1924-ben \u00e9p\u00edttett\u00e9k. A 140 \u00f6l nagys\u00e1g\u00fa 5179 sz. beltelket 1923. okt\u00f3ber 22-\u00e9n v\u00e1s\u00e1rolta meg fele-fele r\u00e9szben feles\u00e9g\u00e9vel, Majsay Juliann\u00e1val. Az emeletes \u00e9p\u00fcletben 12 szoba volt, a f\u00f6ldszinten pedig \u00fczletek voltak. A Hajd\u00fa-h\u00e1z az Andr\u00e1ssy utc\u00e1n az 1930-as \u00e9vekben. [&hellip;]<\/p>\n","protected":false},"author":5,"featured_media":0,"parent":2118,"menu_order":0,"comment_status":"closed","ping_status":"closed","template":"elementor_header_footer","meta":{"footnotes":""},"_links":{"self":[{"href":"https:\/\/emlekpont.hu\/index.php?rest_route=\/wp\/v2\/pages\/1000"}],"collection":[{"href":"https:\/\/emlekpont.hu\/index.php?rest_route=\/wp\/v2\/pages"}],"about":[{"href":"https:\/\/emlekpont.hu\/index.php?rest_route=\/wp\/v2\/types\/page"}],"author":[{"embeddable":true,"href":"https:\/\/emlekpont.hu\/index.php?rest_route=\/wp\/v2\/users\/5"}],"replies":[{"embeddable":true,"href":"https:\/\/emlekpont.hu\/index.php?rest_route=%2Fwp%2Fv2%2Fcomments&post=1000"}],"version-history":[{"count":5,"href":"https:\/\/emlekpont.hu\/index.php?rest_route=\/wp\/v2\/pages\/1000\/revisions"}],"predecessor-version":[{"id":2116,"href":"https:\/\/emlekpont.hu\/index.php?rest_route=\/wp\/v2\/pages\/1000\/revisions\/2116"}],"up":[{"embeddable":true,"href":"https:\/\/emlekpont.hu\/index.php?rest_route=\/wp\/v2\/pages\/2118"}],"wp:attachment":[{"href":"https:\/\/emlekpont.hu\/index.php?rest_route=%2Fwp%2Fv2%2Fmedia&parent=1000"}],"curies":[{"name":"wp","href":"https:\/\/api.w.org\/{rel}","templated":true}]}}